{"id":1847,"date":"2016-08-05T06:45:28","date_gmt":"2016-08-05T06:45:28","guid":{"rendered":"http:\/\/visitbegur.cat\/contactar\/"},"modified":"2018-02-22T13:05:42","modified_gmt":"2018-02-22T13:05:42","slug":"contactar","status":"publish","type":"page","link":"https:\/\/visitbegur.cat\/fr\/contactar\/","title":{"rendered":"Contacter"},"content":{"rendered":"<div role=\"form\" class=\"wpcf7\" id=\"wpcf7-f6769-o1\" lang=\"ca\" dir=\"ltr\">\n<div class=\"screen-reader-response\"><p role=\"status\" aria-live=\"polite\" aria-atomic=\"true\"><\/p> <ul><\/ul><\/div>\n<form action=\"\/fr\/wp-json\/wp\/v2\/pages\/1847#wpcf7-f6769-o1\" method=\"post\" class=\"wpcf7-form init\" novalidate=\"novalidate\" data-status=\"init\">\n<div style=\"display: none;\">\n<input type=\"hidden\" name=\"_wpcf7\" value=\"6769\" \/>\n<input type=\"hidden\" name=\"_wpcf7_version\" value=\"5.5.6\" \/>\n<input type=\"hidden\" name=\"_wpcf7_locale\" value=\"ca\" \/>\n<input type=\"hidden\" name=\"_wpcf7_unit_tag\" value=\"wpcf7-f6769-o1\" \/>\n<input type=\"hidden\" name=\"_wpcf7_container_post\" value=\"0\" \/>\n<input type=\"hidden\" name=\"_wpcf7_posted_data_hash\" value=\"\" \/>\n<input type=\"hidden\" name=\"_wpcf7_recaptcha_response\" value=\"\" \/>\n<\/div>\n<div class=\"form-outer\">\n<div class=\"form-lft\">\n<label>Nom* <\/label><br \/>\n<span class=\"wpcf7-form-control-wrap nom\"><input type=\"text\" name=\"nom\" value=\"\" size=\"40\" class=\"wpcf7-form-control wpcf7-text wpcf7-validates-as-required\" aria-required=\"true\" aria-invalid=\"false\" \/><\/span><br \/>\n<label>Email*<\/label><br \/>\n<span class=\"wpcf7-form-control-wrap email\"><input type=\"email\" name=\"email\" value=\"\" size=\"40\" class=\"wpcf7-form-control wpcf7-text wpcf7-email wpcf7-validates-as-required wpcf7-validates-as-email\" aria-required=\"true\" aria-invalid=\"false\" \/><\/span><br \/>\n<label>T\u00e9l\u00e9phone*<\/label><br \/>\n<span class=\"wpcf7-form-control-wrap tel\"><input type=\"text\" name=\"tel\" value=\"\" size=\"40\" class=\"wpcf7-form-control wpcf7-text wpcf7-validates-as-required\" aria-required=\"true\" aria-invalid=\"false\" \/><\/span><br \/>\n<label>Adresse* <\/label><br \/>\n<span class=\"wpcf7-form-control-wrap adreca\"><input type=\"text\" name=\"adreca\" value=\"\" size=\"40\" class=\"wpcf7-form-control wpcf7-text wpcf7-validates-as-required\" aria-required=\"true\" aria-invalid=\"false\" \/><\/span><br \/>\n<label>CP* <\/label><br \/>\n<span class=\"wpcf7-form-control-wrap cp\"><input type=\"text\" name=\"cp\" value=\"\" size=\"40\" class=\"wpcf7-form-control wpcf7-text wpcf7-validates-as-required\" aria-required=\"true\" aria-invalid=\"false\" \/><\/span><br \/>\n<label>Ville* <\/label><br \/>\n<span class=\"wpcf7-form-control-wrap poblacio\"><input type=\"text\" name=\"poblacio\" value=\"\" size=\"40\" class=\"wpcf7-form-control wpcf7-text wpcf7-validates-as-required\" aria-required=\"true\" aria-invalid=\"false\" \/><\/span><br \/>\n<label>Pays*<\/label><br \/>\n<span class=\"wpcf7-form-control-wrap pais\"><input type=\"text\" name=\"pais\" value=\"\" size=\"40\" class=\"wpcf7-form-control wpcf7-text wpcf7-validates-as-required\" aria-required=\"true\" aria-invalid=\"false\" \/><\/span>\n<\/div>\n<div class=\"form-rgt\">\n<label>Message*<\/label><br \/>\n<span class=\"wpcf7-form-control-wrap missatge\"><textarea name=\"missatge\" cols=\"40\" rows=\"10\" class=\"wpcf7-form-control wpcf7-textarea wpcf7-validates-as-required\" aria-required=\"true\" aria-invalid=\"false\"><\/textarea><\/span>\n<\/div>\n<\/div>\n<div class=\"check-box-div\">\n<span class=\"wpcf7-form-control-wrap lopd\"><span class=\"wpcf7-form-control wpcf7-acceptance\"><span class=\"wpcf7-list-item\"><input type=\"checkbox\" name=\"lopd\" value=\"1\" aria-invalid=\"false\" \/><\/span><\/span><\/span><label class=\"control control--checkbox\"><span class=\"para\"> <span class=\"select-text\">Conform\u00e9ment \u00e0 la Loi Organique 15\/1999, du 13 d\u00e9cembre, de protection des Donn\u00e9es de Caract\u00e8re Personnel (LOPD), nous vous informons que vos donn\u00e9es personnelles seront incorpor\u00e9es dans des fichiers appartenant \u00e0 la Mairie de Begur dans le but de r\u00e9pondre convenablement \u00e0 vos demandes d'information. Pour exercer vos droits d'acc\u00e8s, de rectification, d'annulation et d'opposition envisag\u00e9s par la Loi, vous pouvez vous adresser par \u00e9crit \u00e0 Av. Onze de setembre, 5, 17255 Begur o <a href=\"mailto:turisme@begur.cat\">turisme@begur.cat<\/a>, Ref. Protetion des Donn\u00e9es.<\/span>\n<\/div>\n<p><span class=\"enviar\"><input type=\"submit\" value=\"Enviar\" class=\"wpcf7-form-control has-spinner wpcf7-submit enviar-btn\" \/><\/span><\/p>\n<p style=\"display: none !important;\"><label>&#916;<textarea name=\"_wpcf7_ak_hp_textarea\" cols=\"45\" rows=\"8\" maxlength=\"100\"><\/textarea><\/label><input type=\"hidden\" id=\"ak_js_1\" name=\"_wpcf7_ak_js\" value=\"49\"\/><script>document.getElementById( \"ak_js_1\" ).setAttribute( \"value\", ( new Date() ).getTime() );<\/script><\/p><input type='hidden' class='wpcf7-pum' value='{\"closepopup\":false,\"closedelay\":0,\"openpopup\":false,\"openpopup_id\":0}' \/><div class=\"wpcf7-response-output\" aria-hidden=\"true\"><\/div><\/form><\/div>\n","protected":false},"excerpt":{"rendered":"","protected":false},"author":7,"featured_media":0,"parent":0,"menu_order":186,"comment_status":"closed","ping_status":"closed","template":"page-templates\/contactar.php","meta":[],"acf":[],"yoast_head":"<!-- This site is optimized with the Yoast SEO plugin v18.3 - https:\/\/yoast.com\/wordpress\/plugins\/seo\/ -->\n<title>Contacter - Visit Begur<\/title>\n<meta name=\"robots\" content=\"index, follow, max-snippet:-1, max-image-preview:large, max-video-preview:-1\" \/>\n<link rel=\"canonical\" href=\"https:\/\/visitbegur.cat\/fr\/contactar\/\" \/>\n<meta property=\"og:locale\" content=\"fr_FR\" \/>\n<meta property=\"og:type\" content=\"article\" \/>\n<meta property=\"og:title\" content=\"Contacter - Visit Begur\" \/>\n<meta property=\"og:url\" content=\"https:\/\/visitbegur.cat\/fr\/contactar\/\" \/>\n<meta property=\"og:site_name\" content=\"Visit Begur\" \/>\n<meta property=\"article:modified_time\" content=\"2018-02-22T13:05:42+00:00\" \/>\n<meta name=\"twitter:card\" content=\"summary\" \/>\n<script type=\"application\/ld+json\" class=\"yoast-schema-graph\">{\"@context\":\"https:\/\/schema.org\",\"@graph\":[{\"@type\":\"WebSite\",\"@id\":\"https:\/\/visitbegur.cat\/#website\",\"url\":\"https:\/\/visitbegur.cat\/\",\"name\":\"Visit Begur\",\"description\":\"Otro sitio realizado con WordPress\",\"potentialAction\":[{\"@type\":\"SearchAction\",\"target\":{\"@type\":\"EntryPoint\",\"urlTemplate\":\"https:\/\/visitbegur.cat\/?s={search_term_string}\"},\"query-input\":\"required name=search_term_string\"}],\"inLanguage\":\"fr-FR\"},{\"@type\":\"WebPage\",\"@id\":\"https:\/\/visitbegur.cat\/fr\/contactar\/#webpage\",\"url\":\"https:\/\/visitbegur.cat\/fr\/contactar\/\",\"name\":\"Contacter - Visit Begur\",\"isPartOf\":{\"@id\":\"https:\/\/visitbegur.cat\/#website\"},\"datePublished\":\"2016-08-05T06:45:28+00:00\",\"dateModified\":\"2018-02-22T13:05:42+00:00\",\"breadcrumb\":{\"@id\":\"https:\/\/visitbegur.cat\/fr\/contactar\/#breadcrumb\"},\"inLanguage\":\"fr-FR\",\"potentialAction\":[{\"@type\":\"ReadAction\",\"target\":[\"https:\/\/visitbegur.cat\/fr\/contactar\/\"]}]},{\"@type\":\"BreadcrumbList\",\"@id\":\"https:\/\/visitbegur.cat\/fr\/contactar\/#breadcrumb\",\"itemListElement\":[{\"@type\":\"ListItem\",\"position\":1,\"name\":\"Home\",\"item\":\"https:\/\/visitbegur.cat\/fr\/\"},{\"@type\":\"ListItem\",\"position\":2,\"name\":\"Contacter\"}]}]}<\/script>\n<!-- \/ Yoast SEO plugin. -->","yoast_head_json":{"title":"Contacter - Visit Begur","robots":{"index":"index","follow":"follow","max-snippet":"max-snippet:-1","max-image-preview":"max-image-preview:large","max-video-preview":"max-video-preview:-1"},"canonical":"https:\/\/visitbegur.cat\/fr\/contactar\/","og_locale":"fr_FR","og_type":"article","og_title":"Contacter - Visit Begur","og_url":"https:\/\/visitbegur.cat\/fr\/contactar\/","og_site_name":"Visit Begur","article_modified_time":"2018-02-22T13:05:42+00:00","twitter_card":"summary","schema":{"@context":"https:\/\/schema.org","@graph":[{"@type":"WebSite","@id":"https:\/\/visitbegur.cat\/#website","url":"https:\/\/visitbegur.cat\/","name":"Visit Begur","description":"Otro sitio realizado con WordPress","potentialAction":[{"@type":"SearchAction","target":{"@type":"EntryPoint","urlTemplate":"https:\/\/visitbegur.cat\/?s={search_term_string}"},"query-input":"required name=search_term_string"}],"inLanguage":"fr-FR"},{"@type":"WebPage","@id":"https:\/\/visitbegur.cat\/fr\/contactar\/#webpage","url":"https:\/\/visitbegur.cat\/fr\/contactar\/","name":"Contacter - Visit Begur","isPartOf":{"@id":"https:\/\/visitbegur.cat\/#website"},"datePublished":"2016-08-05T06:45:28+00:00","dateModified":"2018-02-22T13:05:42+00:00","breadcrumb":{"@id":"https:\/\/visitbegur.cat\/fr\/contactar\/#breadcrumb"},"inLanguage":"fr-FR","potentialAction":[{"@type":"ReadAction","target":["https:\/\/visitbegur.cat\/fr\/contactar\/"]}]},{"@type":"BreadcrumbList","@id":"https:\/\/visitbegur.cat\/fr\/contactar\/#breadcrumb","itemListElement":[{"@type":"ListItem","position":1,"name":"Home","item":"https:\/\/visitbegur.cat\/fr\/"},{"@type":"ListItem","position":2,"name":"Contacter"}]}]}},"_links":{"self":[{"href":"https:\/\/visitbegur.cat\/fr\/wp-json\/wp\/v2\/pages\/1847"}],"collection":[{"href":"https:\/\/visitbegur.cat\/fr\/wp-json\/wp\/v2\/pages"}],"about":[{"href":"https:\/\/visitbegur.cat\/fr\/wp-json\/wp\/v2\/types\/page"}],"author":[{"embeddable":true,"href":"https:\/\/visitbegur.cat\/fr\/wp-json\/wp\/v2\/users\/7"}],"replies":[{"embeddable":true,"href":"https:\/\/visitbegur.cat\/fr\/wp-json\/wp\/v2\/comments?post=1847"}],"version-history":[{"count":2,"href":"https:\/\/visitbegur.cat\/fr\/wp-json\/wp\/v2\/pages\/1847\/revisions"}],"predecessor-version":[{"id":6772,"href":"https:\/\/visitbegur.cat\/fr\/wp-json\/wp\/v2\/pages\/1847\/revisions\/6772"}],"wp:attachment":[{"href":"https:\/\/visitbegur.cat\/fr\/wp-json\/wp\/v2\/media?parent=1847"}],"curies":[{"name":"wp","href":"https:\/\/api.w.org\/{rel}","templated":true}]}}