{"id":1817,"date":"2016-08-04T10:51:30","date_gmt":"2016-08-04T10:51:30","guid":{"rendered":"http:\/\/visitbegur.cat\/el-clima\/"},"modified":"2022-10-26T10:54:34","modified_gmt":"2022-10-26T10:54:34","slug":"le-climat","status":"publish","type":"page","link":"https:\/\/visitbegur.cat\/fr\/le-climat\/","title":{"rendered":"Le climat"},"content":{"rendered":"<div id=\"pl-1817\"  class=\"panel-layout\" ><div id=\"pg-1817-0\"  class=\"panel-grid panel-no-style\" ><div id=\"pgc-1817-0-0\"  class=\"panel-grid-cell\" ><div id=\"panel-1817-0-0-0\" class=\"so-panel widget widget_sow-editor panel-first-child panel-last-child\" data-index=\"0\" ><div class=\"so-widget-sow-editor so-widget-sow-editor-base\"><h3 class=\"widget-title\">Le Climat<\/h3>\n<div class=\"siteorigin-widget-tinymce textwidget\">\n\t<p>Begur se trouve dans la r\u00e9gion du Baix Empord\u00e0. La ville fait partie de la zone connue comme l'Empordanet.<\/p>\n<p>Le climat de la r\u00e9gion du Baix Empord\u00e0 est M\u00e9diterran\u00e9en Littoral Nord, m\u00eame si\u00a0 localement, \u00e0 l'int\u00e9rieur les caract\u00e9ristiques sont d'un climat M\u00e9diterran\u00e9en pr\u00e9- littoral nord.\u00a0 En ce qui concerne le syst\u00e8me thermique l'\u00e9t\u00e9 est relativement chaud, tandis qu'\u00e0 l'hiver il est mod\u00e9r\u00e9, \u00e9tant pratiquement doux sur la c\u00f4te nord. Ainsi l'amplitude thermique annuelle est faible. La moyenne des temp\u00e9ratures\u00a0 est temp\u00e9r\u00e9e \u00e0 cause de sa situation face \u00e0 la mer, \u00e9tant les mois de janvier les plus chauds de Catalogne (11\u00bac de moyenne) et un \u00e9t\u00e9 relativement frais (24\u00bac de moyenne). Seuls\u00a0 sont consid\u00e9r\u00e9s comme arides\u00a0 les mois de juillet et ao\u00fbt. La p\u00e9riode\u00a0 avec une grande probabilit\u00e9 de\u00a0 gel\u00e9es se situe entre les mois de novembre et de mars.<br \/>\nLa r\u00e9partition des pluies\u00a0 dans la r\u00e9gion du Baix Empord\u00e0 est assez r\u00e9guli\u00e8re tout au long de l'ann\u00e9e, et m\u00eame si les pluies sont importantes \u00e0 l'automne, le total annuel est faible.<br \/>\nDans le Baix Empord\u00e0 on note la pr\u00e9sence de trois vents:<br \/>\n- La Tramuntana (Tramontane): vent du nord d'une grande force, g\u00e9n\u00e9ralement d'hiver qui domine toute la plaine et qui est\u00a0 le plus caract\u00e9ristique\u00a0 de l'Empord\u00e0.<br \/>\n- Le Garb\u00ed habituellement souffle en montagne et \u00e0 la c\u00f4te surtout l'\u00e9t\u00e9, avec une intensit\u00e9 et des directions variables.<br \/>\n- Le Llevant pr\u00e9domine sur la c\u00f4te au printemps et en automne.<\/p>\n<p>&nbsp;<\/p>\n<\/div>\n<\/div><\/div><\/div><div id=\"pgc-1817-0-1\"  class=\"panel-grid-cell\" ><div id=\"panel-1817-0-1-0\" class=\"so-panel widget widget_sow-image panel-first-child panel-last-child\" data-index=\"1\" ><div class=\"so-widget-sow-image so-widget-sow-image-default-d6014b76747a\">\n\n<div class=\"sow-image-container\">\n\t<img src=\"https:\/\/visitbegur.cat\/wp-content\/uploads\/2022\/10\/Fornells-Dron-1.jpg\" width=\"1366\" height=\"768\" srcset=\"https:\/\/visitbegur.cat\/wp-content\/uploads\/2022\/10\/Fornells-Dron-1.jpg 1366w, https:\/\/visitbegur.cat\/wp-content\/uploads\/2022\/10\/Fornells-Dron-1-300x169.jpg 300w, https:\/\/visitbegur.cat\/wp-content\/uploads\/2022\/10\/Fornells-Dron-1-1024x576.jpg 1024w, https:\/\/visitbegur.cat\/wp-content\/uploads\/2022\/10\/Fornells-Dron-1-768x432.jpg 768w, https:\/\/visitbegur.cat\/wp-content\/uploads\/2022\/10\/Fornells-Dron-1-1200x675.jpg 1200w\" sizes=\"(max-width: 709px) 85vw, (max-width: 909px) 67vw, (max-width: 1362px) 62vw, 840px\" title=\"Fornells Dron (1)\" alt=\"\" \t\tclass=\"so-widget-image\"\/>\n<\/div>\n\n<\/div><\/div><\/div><\/div><\/div>","protected":false},"excerpt":{"rendered":"<p>Begur se trouve dans la r\u00e9gion du Baix Empord\u00e0. La ville fait partie de la zone connue comme l&rsquo;Empordanet. Le climat de la r\u00e9gion du Baix Empord\u00e0 est M\u00e9diterran\u00e9en Littoral Nord, m\u00eame si\u00a0 localement, \u00e0 l&rsquo;int\u00e9rieur les caract\u00e9ristiques sont d&rsquo;un climat M\u00e9diterran\u00e9en pr\u00e9- littoral nord.\u00a0 En ce qui concerne le syst\u00e8me thermique l&rsquo;\u00e9t\u00e9 est relativement &hellip; <a href=\"https:\/\/visitbegur.cat\/fr\/le-climat\/\" class=\"more-link\">Continuer la lecture<span class=\"screen-reader-text\"> de &laquo;&nbsp;Le climat&nbsp;&raquo;<\/span><\/a><\/p>\n","protected":false},"author":7,"featured_media":0,"parent":0,"menu_order":145,"comment_status":"closed","ping_status":"closed","template":"page-templates\/begur.php","meta":[],"acf":[],"yoast_head":"<!-- This site is optimized with the Yoast SEO plugin v18.3 - https:\/\/yoast.com\/wordpress\/plugins\/seo\/ -->\n<title>Le climat - Visit Begur<\/title>\n<meta name=\"robots\" content=\"index, follow, max-snippet:-1, max-image-preview:large, max-video-preview:-1\" \/>\n<link rel=\"canonical\" href=\"https:\/\/visitbegur.cat\/fr\/le-climat\/\" \/>\n<meta property=\"og:locale\" content=\"fr_FR\" \/>\n<meta property=\"og:type\" content=\"article\" \/>\n<meta property=\"og:title\" content=\"Le climat - Visit Begur\" \/>\n<meta property=\"og:description\" content=\"Begur se trouve dans la r\u00e9gion du Baix Empord\u00e0. La ville fait partie de la zone connue comme l&#039;Empordanet. Le climat de la r\u00e9gion du Baix Empord\u00e0 est M\u00e9diterran\u00e9en Littoral Nord, m\u00eame si\u00a0 localement, \u00e0 l&#039;int\u00e9rieur les caract\u00e9ristiques sont d&#039;un climat M\u00e9diterran\u00e9en pr\u00e9- littoral nord.\u00a0 En ce qui concerne le syst\u00e8me thermique l&#039;\u00e9t\u00e9 est relativement &hellip; Continuer la lecture de &laquo;&nbsp;Le climat&nbsp;&raquo;\" \/>\n<meta property=\"og:url\" content=\"https:\/\/visitbegur.cat\/fr\/le-climat\/\" \/>\n<meta property=\"og:site_name\" content=\"Visit Begur\" \/>\n<meta property=\"article:modified_time\" content=\"2022-10-26T10:54:34+00:00\" \/>\n<meta name=\"twitter:card\" content=\"summary\" \/>\n<script type=\"application\/ld+json\" class=\"yoast-schema-graph\">{\"@context\":\"https:\/\/schema.org\",\"@graph\":[{\"@type\":\"WebSite\",\"@id\":\"https:\/\/visitbegur.cat\/#website\",\"url\":\"https:\/\/visitbegur.cat\/\",\"name\":\"Visit Begur\",\"description\":\"Otro sitio realizado con WordPress\",\"potentialAction\":[{\"@type\":\"SearchAction\",\"target\":{\"@type\":\"EntryPoint\",\"urlTemplate\":\"https:\/\/visitbegur.cat\/?s={search_term_string}\"},\"query-input\":\"required name=search_term_string\"}],\"inLanguage\":\"fr-FR\"},{\"@type\":\"WebPage\",\"@id\":\"https:\/\/visitbegur.cat\/fr\/le-climat\/#webpage\",\"url\":\"https:\/\/visitbegur.cat\/fr\/le-climat\/\",\"name\":\"Le climat - Visit Begur\",\"isPartOf\":{\"@id\":\"https:\/\/visitbegur.cat\/#website\"},\"datePublished\":\"2016-08-04T10:51:30+00:00\",\"dateModified\":\"2022-10-26T10:54:34+00:00\",\"breadcrumb\":{\"@id\":\"https:\/\/visitbegur.cat\/fr\/le-climat\/#breadcrumb\"},\"inLanguage\":\"fr-FR\",\"potentialAction\":[{\"@type\":\"ReadAction\",\"target\":[\"https:\/\/visitbegur.cat\/fr\/le-climat\/\"]}]},{\"@type\":\"BreadcrumbList\",\"@id\":\"https:\/\/visitbegur.cat\/fr\/le-climat\/#breadcrumb\",\"itemListElement\":[{\"@type\":\"ListItem\",\"position\":1,\"name\":\"Home\",\"item\":\"https:\/\/visitbegur.cat\/fr\/\"},{\"@type\":\"ListItem\",\"position\":2,\"name\":\"Le climat\"}]}]}<\/script>\n<!-- \/ Yoast SEO plugin. -->","yoast_head_json":{"title":"Le climat - Visit Begur","robots":{"index":"index","follow":"follow","max-snippet":"max-snippet:-1","max-image-preview":"max-image-preview:large","max-video-preview":"max-video-preview:-1"},"canonical":"https:\/\/visitbegur.cat\/fr\/le-climat\/","og_locale":"fr_FR","og_type":"article","og_title":"Le climat - Visit Begur","og_description":"Begur se trouve dans la r\u00e9gion du Baix Empord\u00e0. La ville fait partie de la zone connue comme l'Empordanet. Le climat de la r\u00e9gion du Baix Empord\u00e0 est M\u00e9diterran\u00e9en Littoral Nord, m\u00eame si\u00a0 localement, \u00e0 l'int\u00e9rieur les caract\u00e9ristiques sont d'un climat M\u00e9diterran\u00e9en pr\u00e9- littoral nord.\u00a0 En ce qui concerne le syst\u00e8me thermique l'\u00e9t\u00e9 est relativement &hellip; Continuer la lecture de &laquo;&nbsp;Le climat&nbsp;&raquo;","og_url":"https:\/\/visitbegur.cat\/fr\/le-climat\/","og_site_name":"Visit Begur","article_modified_time":"2022-10-26T10:54:34+00:00","twitter_card":"summary","schema":{"@context":"https:\/\/schema.org","@graph":[{"@type":"WebSite","@id":"https:\/\/visitbegur.cat\/#website","url":"https:\/\/visitbegur.cat\/","name":"Visit Begur","description":"Otro sitio realizado con WordPress","potentialAction":[{"@type":"SearchAction","target":{"@type":"EntryPoint","urlTemplate":"https:\/\/visitbegur.cat\/?s={search_term_string}"},"query-input":"required name=search_term_string"}],"inLanguage":"fr-FR"},{"@type":"WebPage","@id":"https:\/\/visitbegur.cat\/fr\/le-climat\/#webpage","url":"https:\/\/visitbegur.cat\/fr\/le-climat\/","name":"Le climat - Visit Begur","isPartOf":{"@id":"https:\/\/visitbegur.cat\/#website"},"datePublished":"2016-08-04T10:51:30+00:00","dateModified":"2022-10-26T10:54:34+00:00","breadcrumb":{"@id":"https:\/\/visitbegur.cat\/fr\/le-climat\/#breadcrumb"},"inLanguage":"fr-FR","potentialAction":[{"@type":"ReadAction","target":["https:\/\/visitbegur.cat\/fr\/le-climat\/"]}]},{"@type":"BreadcrumbList","@id":"https:\/\/visitbegur.cat\/fr\/le-climat\/#breadcrumb","itemListElement":[{"@type":"ListItem","position":1,"name":"Home","item":"https:\/\/visitbegur.cat\/fr\/"},{"@type":"ListItem","position":2,"name":"Le climat"}]}]}},"_links":{"self":[{"href":"https:\/\/visitbegur.cat\/fr\/wp-json\/wp\/v2\/pages\/1817"}],"collection":[{"href":"https:\/\/visitbegur.cat\/fr\/wp-json\/wp\/v2\/pages"}],"about":[{"href":"https:\/\/visitbegur.cat\/fr\/wp-json\/wp\/v2\/types\/page"}],"author":[{"embeddable":true,"href":"https:\/\/visitbegur.cat\/fr\/wp-json\/wp\/v2\/users\/7"}],"replies":[{"embeddable":true,"href":"https:\/\/visitbegur.cat\/fr\/wp-json\/wp\/v2\/comments?post=1817"}],"version-history":[{"count":5,"href":"https:\/\/visitbegur.cat\/fr\/wp-json\/wp\/v2\/pages\/1817\/revisions"}],"predecessor-version":[{"id":24352,"href":"https:\/\/visitbegur.cat\/fr\/wp-json\/wp\/v2\/pages\/1817\/revisions\/24352"}],"wp:attachment":[{"href":"https:\/\/visitbegur.cat\/fr\/wp-json\/wp\/v2\/media?parent=1817"}],"curies":[{"name":"wp","href":"https:\/\/api.w.org\/{rel}","templated":true}]}}