{"id":1773,"date":"2016-08-16T06:48:34","date_gmt":"2016-08-16T06:48:34","guid":{"rendered":"http:\/\/visitbegur.cat\/ruta-dels-miradors\/"},"modified":"2024-03-08T10:03:27","modified_gmt":"2024-03-08T10:03:27","slug":"route-du-belvedere","status":"publish","type":"page","link":"https:\/\/visitbegur.cat\/fr\/route-du-belvedere\/","title":{"rendered":"Route du belv\u00e9d\u00e8re"},"content":{"rendered":"\n<p>La route du belv\u00e9d\u00e8re de Begur est un itin\u00e9raire \u00e0 travers 17 points diff\u00e9rents, tous d\u2019une grande beaut\u00e9 qui nous permettent, d\u2019une part, de contempler la ville sous diff\u00e9rents angles et, d\u2019autre part, de contempler diff\u00e9rents zones de notre impressionnant littoral.<br>L\u2019itin\u00e9raire peut \u00eatre fait \u00e0 tout moment de l\u2019ann\u00e9e. La plupart des belv\u00e9d\u00e8res sont entour\u00e9s d\u2019un environnement naturel de beaut\u00e9 incalculable, ce qui nous permet de profiter et de photographier les paysages impressionnants de la ville de Begur.<br>Cet itin\u00e9raire d\u2019une grande valeur sc\u00e9nique, est possible en voiture, dans la plupart des belv\u00e9d\u00e8res remarquables. Certains autres belv\u00e9d\u00e8res sont seulement possibles d\u2019y acc\u00e9der \u00e0 pied et cela nous permet d\u2019entrer dans la nature et de profiter d\u2019un paysage merveilleux et pr\u00e9cieux.<\/p>\n","protected":false},"excerpt":{"rendered":"<p>La route du belv\u00e9d\u00e8re de Begur est un itin\u00e9raire \u00e0 travers 17 points diff\u00e9rents, tous d\u2019une grande beaut\u00e9 qui nous permettent, d\u2019une part, de contempler la ville sous diff\u00e9rents angles et, d\u2019autre part, de contempler diff\u00e9rents zones de notre impressionnant littoral.L\u2019itin\u00e9raire peut \u00eatre fait \u00e0 tout moment de l\u2019ann\u00e9e. La plupart des belv\u00e9d\u00e8res sont entour\u00e9s &hellip; <a href=\"https:\/\/visitbegur.cat\/fr\/route-du-belvedere\/\" class=\"more-link\">Continuer la lecture<span class=\"screen-reader-text\"> de &laquo;&nbsp;Route du belv\u00e9d\u00e8re&nbsp;&raquo;<\/span><\/a><\/p>\n","protected":false},"author":7,"featured_media":0,"parent":0,"menu_order":101,"comment_status":"closed","ping_status":"closed","template":"","meta":[],"acf":[],"yoast_head":"<!-- This site is optimized with the Yoast SEO plugin v18.3 - https:\/\/yoast.com\/wordpress\/plugins\/seo\/ -->\n<title>Route du belv\u00e9d\u00e8re - Visit Begur<\/title>\n<meta name=\"robots\" content=\"index, follow, max-snippet:-1, max-image-preview:large, max-video-preview:-1\" \/>\n<link rel=\"canonical\" href=\"https:\/\/visitbegur.cat\/fr\/route-du-belvedere\/\" \/>\n<meta property=\"og:locale\" content=\"fr_FR\" \/>\n<meta property=\"og:type\" content=\"article\" \/>\n<meta property=\"og:title\" content=\"Route du belv\u00e9d\u00e8re - Visit Begur\" \/>\n<meta property=\"og:description\" content=\"La route du belv\u00e9d\u00e8re de Begur est un itin\u00e9raire \u00e0 travers 17 points diff\u00e9rents, tous d\u2019une grande beaut\u00e9 qui nous permettent, d\u2019une part, de contempler la ville sous diff\u00e9rents angles et, d\u2019autre part, de contempler diff\u00e9rents zones de notre impressionnant littoral.L\u2019itin\u00e9raire peut \u00eatre fait \u00e0 tout moment de l\u2019ann\u00e9e. La plupart des belv\u00e9d\u00e8res sont entour\u00e9s &hellip; Continuer la lecture de &laquo;&nbsp;Route du belv\u00e9d\u00e8re&nbsp;&raquo;\" \/>\n<meta property=\"og:url\" content=\"https:\/\/visitbegur.cat\/fr\/route-du-belvedere\/\" \/>\n<meta property=\"og:site_name\" content=\"Visit Begur\" \/>\n<meta property=\"article:modified_time\" content=\"2024-03-08T10:03:27+00:00\" \/>\n<meta name=\"twitter:card\" content=\"summary\" \/>\n<script type=\"application\/ld+json\" class=\"yoast-schema-graph\">{\"@context\":\"https:\/\/schema.org\",\"@graph\":[{\"@type\":\"WebSite\",\"@id\":\"https:\/\/visitbegur.cat\/#website\",\"url\":\"https:\/\/visitbegur.cat\/\",\"name\":\"Visit Begur\",\"description\":\"Otro sitio realizado con WordPress\",\"potentialAction\":[{\"@type\":\"SearchAction\",\"target\":{\"@type\":\"EntryPoint\",\"urlTemplate\":\"https:\/\/visitbegur.cat\/?s={search_term_string}\"},\"query-input\":\"required name=search_term_string\"}],\"inLanguage\":\"fr-FR\"},{\"@type\":\"WebPage\",\"@id\":\"https:\/\/visitbegur.cat\/fr\/route-du-belvedere\/#webpage\",\"url\":\"https:\/\/visitbegur.cat\/fr\/route-du-belvedere\/\",\"name\":\"Route du belv\u00e9d\u00e8re - Visit Begur\",\"isPartOf\":{\"@id\":\"https:\/\/visitbegur.cat\/#website\"},\"datePublished\":\"2016-08-16T06:48:34+00:00\",\"dateModified\":\"2024-03-08T10:03:27+00:00\",\"breadcrumb\":{\"@id\":\"https:\/\/visitbegur.cat\/fr\/route-du-belvedere\/#breadcrumb\"},\"inLanguage\":\"fr-FR\",\"potentialAction\":[{\"@type\":\"ReadAction\",\"target\":[\"https:\/\/visitbegur.cat\/fr\/route-du-belvedere\/\"]}]},{\"@type\":\"BreadcrumbList\",\"@id\":\"https:\/\/visitbegur.cat\/fr\/route-du-belvedere\/#breadcrumb\",\"itemListElement\":[{\"@type\":\"ListItem\",\"position\":1,\"name\":\"Home\",\"item\":\"https:\/\/visitbegur.cat\/fr\/\"},{\"@type\":\"ListItem\",\"position\":2,\"name\":\"Route du belv\u00e9d\u00e8re\"}]}]}<\/script>\n<!-- \/ Yoast SEO plugin. -->","yoast_head_json":{"title":"Route du belv\u00e9d\u00e8re - Visit Begur","robots":{"index":"index","follow":"follow","max-snippet":"max-snippet:-1","max-image-preview":"max-image-preview:large","max-video-preview":"max-video-preview:-1"},"canonical":"https:\/\/visitbegur.cat\/fr\/route-du-belvedere\/","og_locale":"fr_FR","og_type":"article","og_title":"Route du belv\u00e9d\u00e8re - Visit Begur","og_description":"La route du belv\u00e9d\u00e8re de Begur est un itin\u00e9raire \u00e0 travers 17 points diff\u00e9rents, tous d\u2019une grande beaut\u00e9 qui nous permettent, d\u2019une part, de contempler la ville sous diff\u00e9rents angles et, d\u2019autre part, de contempler diff\u00e9rents zones de notre impressionnant littoral.L\u2019itin\u00e9raire peut \u00eatre fait \u00e0 tout moment de l\u2019ann\u00e9e. La plupart des belv\u00e9d\u00e8res sont entour\u00e9s &hellip; Continuer la lecture de &laquo;&nbsp;Route du belv\u00e9d\u00e8re&nbsp;&raquo;","og_url":"https:\/\/visitbegur.cat\/fr\/route-du-belvedere\/","og_site_name":"Visit Begur","article_modified_time":"2024-03-08T10:03:27+00:00","twitter_card":"summary","schema":{"@context":"https:\/\/schema.org","@graph":[{"@type":"WebSite","@id":"https:\/\/visitbegur.cat\/#website","url":"https:\/\/visitbegur.cat\/","name":"Visit Begur","description":"Otro sitio realizado con WordPress","potentialAction":[{"@type":"SearchAction","target":{"@type":"EntryPoint","urlTemplate":"https:\/\/visitbegur.cat\/?s={search_term_string}"},"query-input":"required name=search_term_string"}],"inLanguage":"fr-FR"},{"@type":"WebPage","@id":"https:\/\/visitbegur.cat\/fr\/route-du-belvedere\/#webpage","url":"https:\/\/visitbegur.cat\/fr\/route-du-belvedere\/","name":"Route du belv\u00e9d\u00e8re - Visit Begur","isPartOf":{"@id":"https:\/\/visitbegur.cat\/#website"},"datePublished":"2016-08-16T06:48:34+00:00","dateModified":"2024-03-08T10:03:27+00:00","breadcrumb":{"@id":"https:\/\/visitbegur.cat\/fr\/route-du-belvedere\/#breadcrumb"},"inLanguage":"fr-FR","potentialAction":[{"@type":"ReadAction","target":["https:\/\/visitbegur.cat\/fr\/route-du-belvedere\/"]}]},{"@type":"BreadcrumbList","@id":"https:\/\/visitbegur.cat\/fr\/route-du-belvedere\/#breadcrumb","itemListElement":[{"@type":"ListItem","position":1,"name":"Home","item":"https:\/\/visitbegur.cat\/fr\/"},{"@type":"ListItem","position":2,"name":"Route du belv\u00e9d\u00e8re"}]}]}},"_links":{"self":[{"href":"https:\/\/visitbegur.cat\/fr\/wp-json\/wp\/v2\/pages\/1773"}],"collection":[{"href":"https:\/\/visitbegur.cat\/fr\/wp-json\/wp\/v2\/pages"}],"about":[{"href":"https:\/\/visitbegur.cat\/fr\/wp-json\/wp\/v2\/types\/page"}],"author":[{"embeddable":true,"href":"https:\/\/visitbegur.cat\/fr\/wp-json\/wp\/v2\/users\/7"}],"replies":[{"embeddable":true,"href":"https:\/\/visitbegur.cat\/fr\/wp-json\/wp\/v2\/comments?post=1773"}],"version-history":[{"count":5,"href":"https:\/\/visitbegur.cat\/fr\/wp-json\/wp\/v2\/pages\/1773\/revisions"}],"predecessor-version":[{"id":31460,"href":"https:\/\/visitbegur.cat\/fr\/wp-json\/wp\/v2\/pages\/1773\/revisions\/31460"}],"wp:attachment":[{"href":"https:\/\/visitbegur.cat\/fr\/wp-json\/wp\/v2\/media?parent=1773"}],"curies":[{"name":"wp","href":"https:\/\/api.w.org\/{rel}","templated":true}]}}