{"id":1769,"date":"2016-08-16T06:48:53","date_gmt":"2016-08-16T06:48:53","guid":{"rendered":"http:\/\/visitbegur.cat\/esports-i-aventura\/"},"modified":"2022-06-08T07:40:35","modified_gmt":"2022-06-08T07:40:35","slug":"sports-et-aventures","status":"publish","type":"page","link":"https:\/\/visitbegur.cat\/fr\/sports-et-aventures\/","title":{"rendered":"Nautique"},"content":{"rendered":"<div id=\"pl-gb1769-69e4dcbcb7418\"  class=\"panel-layout\" ><div id=\"pg-gb1769-69e4dcbcb7418-0\"  class=\"panel-grid panel-no-style\" ><div id=\"pgc-gb1769-69e4dcbcb7418-0-0\"  class=\"panel-grid-cell\" ><div id=\"panel-gb1769-69e4dcbcb7418-0-0-0\" class=\"so-panel widget widget_sow-editor panel-first-child panel-last-child\" data-index=\"0\" ><div class=\"so-widget-sow-editor so-widget-sow-editor-base\">\n<div class=\"siteorigin-widget-tinymce textwidget\">\n\t<p>Begur offre une large offre maritime pour profiter de notre c\u00f4te.<br \/>\nLa plupart de nos plages disposent d&rsquo;un amarrage et d&rsquo;un service d&rsquo;amarrage (Aiguablava, Fornells, Aiguafreda, Sa Riera et Sa Tuna).<\/p>\n<p>D&rsquo;autre part, diff\u00e9rents itin\u00e9raires et excursions sont programm\u00e9s afin de conna\u00eetre notre c\u00f4te escarp\u00e9e et de d\u00e9couvrir les coins, criques et grottes les plus indescriptibles !<\/p>\n<p>Si vous \u00eates motiv\u00e9 par la voile, vous avez la possibilit\u00e9 de louer un bateau et de profiter d&rsquo;une journ\u00e9e imbattable sur la c\u00f4te de Begur.<\/p>\n<\/div>\n<\/div><\/div><\/div><\/div><\/div>","protected":false},"excerpt":{"rendered":"<p>Begur offre une large offre maritime pour profiter de notre c\u00f4te. La plupart de nos plages disposent d&rsquo;un amarrage et d&rsquo;un service d&rsquo;amarrage (Aiguablava, Fornells, Aiguafreda, Sa Riera et Sa Tuna). D&rsquo;autre part, diff\u00e9rents itin\u00e9raires et excursions sont programm\u00e9s afin de conna\u00eetre notre c\u00f4te escarp\u00e9e et de d\u00e9couvrir les coins, criques et grottes les plus &hellip; <a href=\"https:\/\/visitbegur.cat\/fr\/sports-et-aventures\/\" class=\"more-link\">Continuer la lecture<span class=\"screen-reader-text\"> de &laquo;&nbsp;Nautique&nbsp;&raquo;<\/span><\/a><\/p>\n","protected":false},"author":7,"featured_media":0,"parent":0,"menu_order":96,"comment_status":"closed","ping_status":"closed","template":"page-templates\/nautic.php","meta":[],"acf":[],"yoast_head":"<!-- This site is optimized with the Yoast SEO plugin v18.3 - https:\/\/yoast.com\/wordpress\/plugins\/seo\/ -->\n<title>Nautique - Visit Begur<\/title>\n<meta name=\"robots\" content=\"index, follow, max-snippet:-1, max-image-preview:large, max-video-preview:-1\" \/>\n<link rel=\"canonical\" href=\"https:\/\/visitbegur.cat\/fr\/sports-et-aventures\/\" \/>\n<meta property=\"og:locale\" content=\"fr_FR\" \/>\n<meta property=\"og:type\" content=\"article\" \/>\n<meta property=\"og:title\" content=\"Nautique - Visit Begur\" \/>\n<meta property=\"og:description\" content=\"Begur offre une large offre maritime pour profiter de notre c\u00f4te. La plupart de nos plages disposent d&#039;un amarrage et d&#039;un service d&#039;amarrage (Aiguablava, Fornells, Aiguafreda, Sa Riera et Sa Tuna). D&#039;autre part, diff\u00e9rents itin\u00e9raires et excursions sont programm\u00e9s afin de conna\u00eetre notre c\u00f4te escarp\u00e9e et de d\u00e9couvrir les coins, criques et grottes les plus &hellip; Continuer la lecture de &laquo;&nbsp;Nautique&nbsp;&raquo;\" \/>\n<meta property=\"og:url\" content=\"https:\/\/visitbegur.cat\/fr\/sports-et-aventures\/\" \/>\n<meta property=\"og:site_name\" content=\"Visit Begur\" \/>\n<meta property=\"article:modified_time\" content=\"2022-06-08T07:40:35+00:00\" \/>\n<meta name=\"twitter:card\" content=\"summary\" \/>\n<script type=\"application\/ld+json\" class=\"yoast-schema-graph\">{\"@context\":\"https:\/\/schema.org\",\"@graph\":[{\"@type\":\"WebSite\",\"@id\":\"https:\/\/visitbegur.cat\/#website\",\"url\":\"https:\/\/visitbegur.cat\/\",\"name\":\"Visit Begur\",\"description\":\"Otro sitio realizado con WordPress\",\"potentialAction\":[{\"@type\":\"SearchAction\",\"target\":{\"@type\":\"EntryPoint\",\"urlTemplate\":\"https:\/\/visitbegur.cat\/?s={search_term_string}\"},\"query-input\":\"required name=search_term_string\"}],\"inLanguage\":\"fr-FR\"},{\"@type\":\"WebPage\",\"@id\":\"https:\/\/visitbegur.cat\/fr\/sports-et-aventures\/#webpage\",\"url\":\"https:\/\/visitbegur.cat\/fr\/sports-et-aventures\/\",\"name\":\"Nautique - Visit Begur\",\"isPartOf\":{\"@id\":\"https:\/\/visitbegur.cat\/#website\"},\"datePublished\":\"2016-08-16T06:48:53+00:00\",\"dateModified\":\"2022-06-08T07:40:35+00:00\",\"breadcrumb\":{\"@id\":\"https:\/\/visitbegur.cat\/fr\/sports-et-aventures\/#breadcrumb\"},\"inLanguage\":\"fr-FR\",\"potentialAction\":[{\"@type\":\"ReadAction\",\"target\":[\"https:\/\/visitbegur.cat\/fr\/sports-et-aventures\/\"]}]},{\"@type\":\"BreadcrumbList\",\"@id\":\"https:\/\/visitbegur.cat\/fr\/sports-et-aventures\/#breadcrumb\",\"itemListElement\":[{\"@type\":\"ListItem\",\"position\":1,\"name\":\"Home\",\"item\":\"https:\/\/visitbegur.cat\/fr\/\"},{\"@type\":\"ListItem\",\"position\":2,\"name\":\"Nautique\"}]}]}<\/script>\n<!-- \/ Yoast SEO plugin. -->","yoast_head_json":{"title":"Nautique - Visit Begur","robots":{"index":"index","follow":"follow","max-snippet":"max-snippet:-1","max-image-preview":"max-image-preview:large","max-video-preview":"max-video-preview:-1"},"canonical":"https:\/\/visitbegur.cat\/fr\/sports-et-aventures\/","og_locale":"fr_FR","og_type":"article","og_title":"Nautique - Visit Begur","og_description":"Begur offre une large offre maritime pour profiter de notre c\u00f4te. La plupart de nos plages disposent d'un amarrage et d'un service d'amarrage (Aiguablava, Fornells, Aiguafreda, Sa Riera et Sa Tuna). D'autre part, diff\u00e9rents itin\u00e9raires et excursions sont programm\u00e9s afin de conna\u00eetre notre c\u00f4te escarp\u00e9e et de d\u00e9couvrir les coins, criques et grottes les plus &hellip; Continuer la lecture de &laquo;&nbsp;Nautique&nbsp;&raquo;","og_url":"https:\/\/visitbegur.cat\/fr\/sports-et-aventures\/","og_site_name":"Visit Begur","article_modified_time":"2022-06-08T07:40:35+00:00","twitter_card":"summary","schema":{"@context":"https:\/\/schema.org","@graph":[{"@type":"WebSite","@id":"https:\/\/visitbegur.cat\/#website","url":"https:\/\/visitbegur.cat\/","name":"Visit Begur","description":"Otro sitio realizado con WordPress","potentialAction":[{"@type":"SearchAction","target":{"@type":"EntryPoint","urlTemplate":"https:\/\/visitbegur.cat\/?s={search_term_string}"},"query-input":"required name=search_term_string"}],"inLanguage":"fr-FR"},{"@type":"WebPage","@id":"https:\/\/visitbegur.cat\/fr\/sports-et-aventures\/#webpage","url":"https:\/\/visitbegur.cat\/fr\/sports-et-aventures\/","name":"Nautique - Visit Begur","isPartOf":{"@id":"https:\/\/visitbegur.cat\/#website"},"datePublished":"2016-08-16T06:48:53+00:00","dateModified":"2022-06-08T07:40:35+00:00","breadcrumb":{"@id":"https:\/\/visitbegur.cat\/fr\/sports-et-aventures\/#breadcrumb"},"inLanguage":"fr-FR","potentialAction":[{"@type":"ReadAction","target":["https:\/\/visitbegur.cat\/fr\/sports-et-aventures\/"]}]},{"@type":"BreadcrumbList","@id":"https:\/\/visitbegur.cat\/fr\/sports-et-aventures\/#breadcrumb","itemListElement":[{"@type":"ListItem","position":1,"name":"Home","item":"https:\/\/visitbegur.cat\/fr\/"},{"@type":"ListItem","position":2,"name":"Nautique"}]}]}},"_links":{"self":[{"href":"https:\/\/visitbegur.cat\/fr\/wp-json\/wp\/v2\/pages\/1769"}],"collection":[{"href":"https:\/\/visitbegur.cat\/fr\/wp-json\/wp\/v2\/pages"}],"about":[{"href":"https:\/\/visitbegur.cat\/fr\/wp-json\/wp\/v2\/types\/page"}],"author":[{"embeddable":true,"href":"https:\/\/visitbegur.cat\/fr\/wp-json\/wp\/v2\/users\/7"}],"replies":[{"embeddable":true,"href":"https:\/\/visitbegur.cat\/fr\/wp-json\/wp\/v2\/comments?post=1769"}],"version-history":[{"count":5,"href":"https:\/\/visitbegur.cat\/fr\/wp-json\/wp\/v2\/pages\/1769\/revisions"}],"predecessor-version":[{"id":21565,"href":"https:\/\/visitbegur.cat\/fr\/wp-json\/wp\/v2\/pages\/1769\/revisions\/21565"}],"wp:attachment":[{"href":"https:\/\/visitbegur.cat\/fr\/wp-json\/wp\/v2\/media?parent=1769"}],"curies":[{"name":"wp","href":"https:\/\/api.w.org\/{rel}","templated":true}]}}