{"id":1753,"date":"2016-08-31T11:36:33","date_gmt":"2016-08-31T11:36:33","guid":{"rendered":"http:\/\/visitbegur.cat\/nota-legal\/"},"modified":"2018-01-18T15:50:26","modified_gmt":"2018-01-18T15:50:26","slug":"note-legale","status":"publish","type":"page","link":"https:\/\/visitbegur.cat\/fr\/note-legale\/","title":{"rendered":"Note l\u00e9gale"},"content":{"rendered":"<p>Cette web\u00a0 et les domaines <a href=\"http:\/\/www.begur.cat\/\"><b>www.begur.cat<\/b><\/a>\u00a0et\u00a0<a href=\"http:\/\/www.firaindians.cat\/\"><b>www.firaindians.cat<\/b><\/a>\u00a0 \u00a0 appartiennent \u00e0 la Mairie de Begur, domicili\u00e9e\u00a0 Pla\u00e7a de l&rsquo;Esgl\u00e9sia num\u00e9ro 8; code postal 17255 de Begur, t\u00e9l\u00e9phone + 34 972 62 40 20 et avec un\u00a0 courriel \u00e9lectronique\u00a0 begur@begur.cat. Le SIRET de la mairie de Begur est: P-1701400-B.<\/p>\n<p>Les contenus de ce site, y compris les textes, images, sons, bases de donn\u00e9es, codes\u00a0 source et tout autre mat\u00e9riel, appartiennent \u00e0 la Mairie de Begur ou \u00e0 des tiers\u00a0 qui en ont\u00a0 autoris\u00e9 leur utilisation. La Mairie de Begur les pr\u00e9sente \u00e0 sa web \u00e0 titre informatif afin de\u00a0 faciliter la tache des\u00a0 particuliers avec\u00a0 le reste des administrations publiques.<\/p>\n<p>En cons\u00e9quence les utilisateurs de la web\u00a0 sont autoris\u00e9s \u00e0 l&rsquo;utilisation de son contenu,\u00a0 \u00e0 stocker les informations sur le disque dur de leur ordinateur,\u00a0 \u00e0 les imprimer ou les copier sur n&rsquo;importe quel support. G\u00e9n\u00e9ralement, l&rsquo;utilisation est interdite \u00e0 des fins commerciales, communication publique ou distribution ou toute autre forme d&rsquo;exploitation pour toute proc\u00e9dure, ainsi que sa transformation ou alt\u00e9ration.<\/p>\n<p>La Mairie de Begur\u00a0 se r\u00e9serve le droit\u00a0 d&rsquo;entreprendre les actions l\u00e9gales\u00a0 opportunes pour\u00a0 la r\u00e9paration des dommages\u00a0 et pr\u00e9judices caus\u00e9s par tout acte qui enfreint les droits de propri\u00e9t\u00e9 intellectuelle.<\/p>\n<p>Le blason\u00a0 officiel de la Mairie et les autres dessins et logotypes qui identifient la Mairie ou ses organismes, services ou campagnes et activit\u00e9s ne peuvent \u00eatre utilis\u00e9s sans avoir eu, au pr\u00e9alable, l&rsquo;autorisation de la Mairie. Dans tous les cas, l&rsquo;utilisation du blason municipal est soumise au paiement de la\u00a0 Taxe d&rsquo;utilisation des plaques, brevets et autres distinctifs analogues au blason municipal.<\/p>\n<p>Il est strictement interdit de modifier, copier ou distribuer le code source des pages, sauf autorisation expresse et \u00e9crite de la Mairie de Begur.<\/p>\n<p>L&rsquo;utilisateur s&rsquo;engage \u00e0 utiliser ce site sans commettre d&rsquo; activit\u00e9s pouvant \u00eatre consid\u00e9r\u00e9es comme illicites ou ill\u00e9gales ou qui\u00a0 portent atteinte aux droits et int\u00e9r\u00eats de la Mairie de Begur ou de tiers. La Mairie ne sera pas responsable du mauvais usage\u00a0 que puissent en faire les utilisateurs.<\/p>\n<p>La Mairie de Begur suivra de mani\u00e8re stricte\u00a0 la r\u00e9glementation en vigueur concernant la protection des donn\u00e9es \u00e0 caract\u00e8re personnel et prendra\u00a0 les mesures\u00a0 l\u00e9gales n\u00e9cessaires concernant la protection des donn\u00e9es \u00e0 caract\u00e8re personnel de l&rsquo;utilisateur,\u00a0 en pr\u00e9servant\u00a0 la vie priv\u00e9e et la confidentialit\u00e9.<\/p>\n<p>La Mairie de Begur comprend qu&rsquo;au moment m\u00eame de remplir les formulaires pr\u00e9sents\u00a0 sur le site web, l&rsquo;utilisateur est\u00a0 suffisamment inform\u00e9\u00a0 de la collecte de\u00a0 ses donn\u00e9es personnelles et de la finalit\u00e9 du traitement qui en d\u00e9rive.\u00a0 Ainsi, par cet acte,\u00a0 l&rsquo;utilisateur autorise la Mairie de Begur \u00e0 traiter les donn\u00e9es aux fins exprim\u00e9es dans chaque cas et, par cons\u00e9quent, l&rsquo;autorise \u00e0\u00a0 les incorporer\u00a0 dans ses fichiers ou traitements en fonction de ce qu&rsquo;\u00e9tablit\u00a0 la loi organique 15\/1999, du 13 d\u00e9cembre, sur la protection des donn\u00e9es personnelles (LOPDP).<\/p>\n<p>L&rsquo;utilisateur du site Web qui fournit des donn\u00e9es personnelles \u00e0 la Mairie de Begur peut exercer ses droits d&rsquo;acc\u00e8s, de rectification, d&rsquo;annulation et opposition, conform\u00e9ment aux dispositions de la LOPDP,\u00a0 tout en s&rsquo;adressant \u00e0\u00a0 la Mairie et ceci \u00e0\u00a0 travers de n&rsquo;importe quel moyen\u00a0 utilis\u00e9.<\/p>\n<p>La Mairie de Begur informe que ce site utilise des cookies dans certains processus internes du fonctionnement.\u00a0 Ces cookies\u00a0 permettent de contr\u00f4ler les donn\u00e9es de navigation de l&rsquo;utilisateur afin de\u00a0 lui permettre une\u00a0 communication\u00a0 plus facile et plus rapide\u00a0 avec le site web de la Mairie.\u00a0 La validit\u00e9 de ces cookies sera strictement n\u00e9cessaire pour acc\u00e9der aux services qui sont offerts depuis le site web. En aucun cas\u00a0 les cookies s&rsquo;utilisent pour obtenir\u00a0 des donn\u00e9es\u00a0 ou informations d&rsquo;identification\u00a0 personnelles\u00a0 de l&rsquo;utilisateur. L&rsquo;utilisateur a la possibilit\u00e9 de configurer ses navigateurs d&rsquo;internet afin de mieux conna\u00eetre et contr\u00f4ler les cookies. Il peut \u00eatre averti avant l&rsquo;installation et d\u00e9cider librement s&rsquo;il\u00a0 les accepte ou\u00a0 les refuse.<\/p>\n<p>La Mairie de Begur adopte les mesures et les m\u00e9canismes n\u00e9cessaires pour garantir la s\u00e9curit\u00e9 des communications et des transactions qui se d\u00e9roulent \u00e0 travers la web, en fonction de l&rsquo;\u00e9tat de la technologie et d&rsquo;accord avec la typologie des transactions et des services qui sont mis \u00e0 la disposition des utilisateurs.<\/p>\n<p>La\u00a0 Mairie de Begur ne peut absolument pas garantir que la web et le serveur soient exempts de virus et ne se rendra donc pas responsable des possibles\u00a0 dommages ou pr\u00e9judices qui puissent \u00eatres dus a des interf\u00e9rences, omissions, interruptions, virus informatiques, pannes ou d\u00e9connexions dans le fonctionnement op\u00e9ratoire de ce syst\u00e8me\u00a0 \u00e9lectronique, motiv\u00e9s par des causes externes \u00e0 la Mairie.\u00a0 De m\u00eame la Mairie ne se rend pas responsable ni des retards ou blocages dans l&rsquo;utilisation de ce syst\u00e8me \u00e9lectronique caus\u00e9s par des d\u00e9faillances ou surcharges des lignes t\u00e9l\u00e9phoniques ou surcharge dans le syst\u00e8me d\u2019acc\u00e8s \u00e0 internet ou autres syst\u00e8mes \u00e9lectroniques, ni des dommages qui puissent \u00eatre caus\u00e9s par des tiers \u00e0 travers des intromissions ill\u00e9gitimes externes \u00e0 la Mairie. La disponibilit\u00e9 et la continuit\u00e9 permanente du fonctionnement du site web et de ses services ne sont pas garanties. Quand cela\u00a0 sera possible,\u00a0 un avis sera \u00e9mis concernant des interruptions dans le fonctionnement du site web\u00a0 et des services.<\/p>\n<p>La Mairie de Begur se r\u00e9serve le droit de modifier unilat\u00e9ralement, \u00e0 tout moment et sans pr\u00e9avis, la pr\u00e9sentation, la configuration, et contenus de la web tout comme les services propos\u00e9s\u00a0 et les conditions requises pour son utilisation.<\/p>\n<p>La Mairie de Begur ne sera pas responsable des informations qui peuvent \u00eatre obtenues \u00e0 travers les liens inclus dans le site web.<\/p>\n<p>Les pr\u00e9sentations du contenu de ce site web dans une fen\u00eatre externe, \u00e9trang\u00e8re \u00e0 la mairie de Begur (framing) ne sont pas autoris\u00e9es.<\/p>\n<p>L&rsquo;utilisation de ce site web\u00a0 implique l&rsquo;acceptation pleine et enti\u00e8re des termes et\u00a0 des conditions contenus dans cet avis\u00a0 l\u00e9gal. Les \u00e9ventuels conflits li\u00e9s \u00e0 ce site\u00a0 web seront r\u00e9gis exclusivement par la loi de l&rsquo;\u00c9tat espagnol et de la Communaut\u00e9 autonome de Catalogne. Toute personne qui utilise ce site web, quelle que soit la juridiction territoriale \u00e0 partir de laquelle son acc\u00e8s se produit et est effectu\u00e9, accepte la conformit\u00e9 et le respect de cette clause et renonce express\u00e9ment \u00e0 toute autre juridiction qui pourrait lui correspondre.<\/p>\n","protected":false},"excerpt":{"rendered":"<p>Cette web\u00a0 et les domaines www.begur.cat\u00a0et\u00a0www.firaindians.cat\u00a0 \u00a0 appartiennent \u00e0 la Mairie de Begur, domicili\u00e9e\u00a0 Pla\u00e7a de l&rsquo;Esgl\u00e9sia num\u00e9ro 8; code postal 17255 de Begur, t\u00e9l\u00e9phone + 34 972 62 40 20 et avec un\u00a0 courriel \u00e9lectronique\u00a0 begur@begur.cat. Le SIRET de la mairie de Begur est: P-1701400-B. Les contenus de ce site, y compris les textes, &hellip; <a href=\"https:\/\/visitbegur.cat\/fr\/note-legale\/\" class=\"more-link\">Continuer la lecture<span class=\"screen-reader-text\"> de &laquo;&nbsp;Note l\u00e9gale&nbsp;&raquo;<\/span><\/a><\/p>\n","protected":false},"author":7,"featured_media":162,"parent":0,"menu_order":81,"comment_status":"closed","ping_status":"closed","template":"page-templates\/nota-legal.php","meta":[],"acf":[],"yoast_head":"<!-- This site is optimized with the Yoast SEO plugin v18.3 - https:\/\/yoast.com\/wordpress\/plugins\/seo\/ -->\n<title>Note l\u00e9gale - Visit Begur<\/title>\n<meta name=\"robots\" content=\"index, follow, max-snippet:-1, max-image-preview:large, max-video-preview:-1\" \/>\n<link rel=\"canonical\" href=\"https:\/\/visitbegur.cat\/fr\/note-legale\/\" \/>\n<meta property=\"og:locale\" content=\"fr_FR\" \/>\n<meta property=\"og:type\" content=\"article\" \/>\n<meta property=\"og:title\" content=\"Note l\u00e9gale - Visit Begur\" \/>\n<meta property=\"og:description\" content=\"Cette web\u00a0 et les domaines www.begur.cat\u00a0et\u00a0www.firaindians.cat\u00a0 \u00a0 appartiennent \u00e0 la Mairie de Begur, domicili\u00e9e\u00a0 Pla\u00e7a de l&rsquo;Esgl\u00e9sia num\u00e9ro 8; code postal 17255 de Begur, t\u00e9l\u00e9phone + 34 972 62 40 20 et avec un\u00a0 courriel \u00e9lectronique\u00a0 begur@begur.cat. Le SIRET de la mairie de Begur est: P-1701400-B. Les contenus de ce site, y compris les textes, &hellip; Continuer la lecture de &laquo;&nbsp;Note l\u00e9gale&nbsp;&raquo;\" \/>\n<meta property=\"og:url\" content=\"https:\/\/visitbegur.cat\/fr\/note-legale\/\" \/>\n<meta property=\"og:site_name\" content=\"Visit Begur\" \/>\n<meta property=\"article:modified_time\" content=\"2018-01-18T15:50:26+00:00\" \/>\n<meta property=\"og:image\" content=\"https:\/\/visitbegur.cat\/wp-content\/uploads\/2016\/08\/img_cap04.jpg\" \/>\n\t<meta property=\"og:image:width\" content=\"1500\" \/>\n\t<meta property=\"og:image:height\" content=\"330\" \/>\n\t<meta property=\"og:image:type\" content=\"image\/jpeg\" \/>\n<meta name=\"twitter:card\" content=\"summary\" \/>\n<script type=\"application\/ld+json\" class=\"yoast-schema-graph\">{\"@context\":\"https:\/\/schema.org\",\"@graph\":[{\"@type\":\"WebSite\",\"@id\":\"https:\/\/visitbegur.cat\/#website\",\"url\":\"https:\/\/visitbegur.cat\/\",\"name\":\"Visit Begur\",\"description\":\"Otro sitio realizado con WordPress\",\"potentialAction\":[{\"@type\":\"SearchAction\",\"target\":{\"@type\":\"EntryPoint\",\"urlTemplate\":\"https:\/\/visitbegur.cat\/?s={search_term_string}\"},\"query-input\":\"required name=search_term_string\"}],\"inLanguage\":\"fr-FR\"},{\"@type\":\"ImageObject\",\"@id\":\"https:\/\/visitbegur.cat\/fr\/note-legale\/#primaryimage\",\"inLanguage\":\"fr-FR\",\"url\":\"https:\/\/visitbegur.cat\/wp-content\/uploads\/2016\/08\/img_cap04.jpg\",\"contentUrl\":\"https:\/\/visitbegur.cat\/wp-content\/uploads\/2016\/08\/img_cap04.jpg\",\"width\":1500,\"height\":330},{\"@type\":\"WebPage\",\"@id\":\"https:\/\/visitbegur.cat\/fr\/note-legale\/#webpage\",\"url\":\"https:\/\/visitbegur.cat\/fr\/note-legale\/\",\"name\":\"Note l\u00e9gale - Visit Begur\",\"isPartOf\":{\"@id\":\"https:\/\/visitbegur.cat\/#website\"},\"primaryImageOfPage\":{\"@id\":\"https:\/\/visitbegur.cat\/fr\/note-legale\/#primaryimage\"},\"datePublished\":\"2016-08-31T11:36:33+00:00\",\"dateModified\":\"2018-01-18T15:50:26+00:00\",\"breadcrumb\":{\"@id\":\"https:\/\/visitbegur.cat\/fr\/note-legale\/#breadcrumb\"},\"inLanguage\":\"fr-FR\",\"potentialAction\":[{\"@type\":\"ReadAction\",\"target\":[\"https:\/\/visitbegur.cat\/fr\/note-legale\/\"]}]},{\"@type\":\"BreadcrumbList\",\"@id\":\"https:\/\/visitbegur.cat\/fr\/note-legale\/#breadcrumb\",\"itemListElement\":[{\"@type\":\"ListItem\",\"position\":1,\"name\":\"Home\",\"item\":\"https:\/\/visitbegur.cat\/fr\/\"},{\"@type\":\"ListItem\",\"position\":2,\"name\":\"Note l\u00e9gale\"}]}]}<\/script>\n<!-- \/ Yoast SEO plugin. -->","yoast_head_json":{"title":"Note l\u00e9gale - Visit Begur","robots":{"index":"index","follow":"follow","max-snippet":"max-snippet:-1","max-image-preview":"max-image-preview:large","max-video-preview":"max-video-preview:-1"},"canonical":"https:\/\/visitbegur.cat\/fr\/note-legale\/","og_locale":"fr_FR","og_type":"article","og_title":"Note l\u00e9gale - Visit Begur","og_description":"Cette web\u00a0 et les domaines www.begur.cat\u00a0et\u00a0www.firaindians.cat\u00a0 \u00a0 appartiennent \u00e0 la Mairie de Begur, domicili\u00e9e\u00a0 Pla\u00e7a de l&rsquo;Esgl\u00e9sia num\u00e9ro 8; code postal 17255 de Begur, t\u00e9l\u00e9phone + 34 972 62 40 20 et avec un\u00a0 courriel \u00e9lectronique\u00a0 begur@begur.cat. Le SIRET de la mairie de Begur est: P-1701400-B. Les contenus de ce site, y compris les textes, &hellip; Continuer la lecture de &laquo;&nbsp;Note l\u00e9gale&nbsp;&raquo;","og_url":"https:\/\/visitbegur.cat\/fr\/note-legale\/","og_site_name":"Visit Begur","article_modified_time":"2018-01-18T15:50:26+00:00","og_image":[{"width":1500,"height":330,"url":"https:\/\/visitbegur.cat\/wp-content\/uploads\/2016\/08\/img_cap04.jpg","type":"image\/jpeg"}],"twitter_card":"summary","schema":{"@context":"https:\/\/schema.org","@graph":[{"@type":"WebSite","@id":"https:\/\/visitbegur.cat\/#website","url":"https:\/\/visitbegur.cat\/","name":"Visit Begur","description":"Otro sitio realizado con WordPress","potentialAction":[{"@type":"SearchAction","target":{"@type":"EntryPoint","urlTemplate":"https:\/\/visitbegur.cat\/?s={search_term_string}"},"query-input":"required name=search_term_string"}],"inLanguage":"fr-FR"},{"@type":"ImageObject","@id":"https:\/\/visitbegur.cat\/fr\/note-legale\/#primaryimage","inLanguage":"fr-FR","url":"https:\/\/visitbegur.cat\/wp-content\/uploads\/2016\/08\/img_cap04.jpg","contentUrl":"https:\/\/visitbegur.cat\/wp-content\/uploads\/2016\/08\/img_cap04.jpg","width":1500,"height":330},{"@type":"WebPage","@id":"https:\/\/visitbegur.cat\/fr\/note-legale\/#webpage","url":"https:\/\/visitbegur.cat\/fr\/note-legale\/","name":"Note l\u00e9gale - Visit Begur","isPartOf":{"@id":"https:\/\/visitbegur.cat\/#website"},"primaryImageOfPage":{"@id":"https:\/\/visitbegur.cat\/fr\/note-legale\/#primaryimage"},"datePublished":"2016-08-31T11:36:33+00:00","dateModified":"2018-01-18T15:50:26+00:00","breadcrumb":{"@id":"https:\/\/visitbegur.cat\/fr\/note-legale\/#breadcrumb"},"inLanguage":"fr-FR","potentialAction":[{"@type":"ReadAction","target":["https:\/\/visitbegur.cat\/fr\/note-legale\/"]}]},{"@type":"BreadcrumbList","@id":"https:\/\/visitbegur.cat\/fr\/note-legale\/#breadcrumb","itemListElement":[{"@type":"ListItem","position":1,"name":"Home","item":"https:\/\/visitbegur.cat\/fr\/"},{"@type":"ListItem","position":2,"name":"Note l\u00e9gale"}]}]}},"_links":{"self":[{"href":"https:\/\/visitbegur.cat\/fr\/wp-json\/wp\/v2\/pages\/1753"}],"collection":[{"href":"https:\/\/visitbegur.cat\/fr\/wp-json\/wp\/v2\/pages"}],"about":[{"href":"https:\/\/visitbegur.cat\/fr\/wp-json\/wp\/v2\/types\/page"}],"author":[{"embeddable":true,"href":"https:\/\/visitbegur.cat\/fr\/wp-json\/wp\/v2\/users\/7"}],"replies":[{"embeddable":true,"href":"https:\/\/visitbegur.cat\/fr\/wp-json\/wp\/v2\/comments?post=1753"}],"version-history":[{"count":5,"href":"https:\/\/visitbegur.cat\/fr\/wp-json\/wp\/v2\/pages\/1753\/revisions"}],"predecessor-version":[{"id":6389,"href":"https:\/\/visitbegur.cat\/fr\/wp-json\/wp\/v2\/pages\/1753\/revisions\/6389"}],"wp:featuredmedia":[{"embeddable":true,"href":"https:\/\/visitbegur.cat\/fr\/wp-json\/wp\/v2\/media\/162"}],"wp:attachment":[{"href":"https:\/\/visitbegur.cat\/fr\/wp-json\/wp\/v2\/media?parent=1753"}],"curies":[{"name":"wp","href":"https:\/\/api.w.org\/{rel}","templated":true}]}}