{"id":1732,"date":"2016-09-14T08:34:30","date_gmt":"2016-09-14T08:34:30","guid":{"rendered":"http:\/\/visitbegur.cat\/sobre-nosaltres\/"},"modified":"2023-05-09T11:33:04","modified_gmt":"2023-05-09T11:33:04","slug":"sobre-nosaltres","status":"publish","type":"page","link":"https:\/\/visitbegur.cat\/fr\/sobre-nosaltres\/","title":{"rendered":"A propos de nous"},"content":{"rendered":"<div id=\"pl-1732\"  class=\"panel-layout\" ><div id=\"pg-1732-0\"  class=\"panel-grid panel-no-style\" ><div id=\"pgc-1732-0-0\"  class=\"panel-grid-cell\" ><div id=\"panel-1732-0-0-0\" class=\"so-panel widget widget_sow-slider panel-first-child panel-last-child\" data-index=\"0\" ><div class=\"so-widget-sow-slider so-widget-sow-slider-default-0c1369c4c991\"><div class=\"sow-slider-base \" style=\"display: none\"><ul class=\"sow-slider-images\" data-settings=\"{&quot;pagination&quot;:true,&quot;speed&quot;:800,&quot;timeout&quot;:8000,&quot;paused&quot;:false,&quot;pause_on_hover&quot;:false,&quot;swipe&quot;:true,&quot;nav_always_show_mobile&quot;:&quot;&quot;,&quot;breakpoint&quot;:&quot;780px&quot;}\">\t\t<li class=\"sow-slider-image  sow-slider-image-cover\" style=\"background-image: url(https:\/\/visitbegur.cat\/wp-content\/uploads\/2016\/08\/platjafonda_vertical2.jpg)\" >\n\t\t\t\t\t\t\t\t\t<img width=\"302\" height=\"201\" src=\"https:\/\/visitbegur.cat\/wp-content\/uploads\/2016\/08\/platjafonda_vertical2.jpg\" class=\"sow-slider-background-image\" alt=\"\" loading=\"eager\" srcset=\"https:\/\/visitbegur.cat\/wp-content\/uploads\/2016\/08\/platjafonda_vertical2.jpg 302w, https:\/\/visitbegur.cat\/wp-content\/uploads\/2016\/08\/platjafonda_vertical2-300x200.jpg 300w\" sizes=\"(max-width: 302px) 85vw, 302px\" \/>\t\t\t\t\t\t\t\t<\/li>\n\t\t\t\t<li class=\"sow-slider-image  sow-slider-image-cover\" style=\"background-image: url(https:\/\/visitbegur.cat\/wp-content\/uploads\/2016\/08\/sariera_vertical2.jpg)\" >\n\t\t\t\t\t\t\t\t\t<img width=\"302\" height=\"201\" src=\"https:\/\/visitbegur.cat\/wp-content\/uploads\/2016\/08\/sariera_vertical2.jpg\" class=\"sow-slider-background-image\" alt=\"\" loading=\"eager\" srcset=\"https:\/\/visitbegur.cat\/wp-content\/uploads\/2016\/08\/sariera_vertical2.jpg 302w, https:\/\/visitbegur.cat\/wp-content\/uploads\/2016\/08\/sariera_vertical2-300x200.jpg 300w\" sizes=\"(max-width: 302px) 85vw, 302px\" \/>\t\t\t\t\t\t\t\t<\/li>\n\t\t<\/ul>\t\t\t\t<ol class=\"sow-slider-pagination\">\n\t\t\t\t\t\t\t\t\t\t\t<li><a href=\"#\" data-goto=\"0\" aria-label=\"afficher la diapositive 1\"><\/a><\/li>\n\t\t\t\t\t\t\t\t\t\t\t<li><a href=\"#\" data-goto=\"1\" aria-label=\"afficher la diapositive 2\"><\/a><\/li>\n\t\t\t\t\t\t\t\t\t<\/ol>\n\n\t\t\t\t<div class=\"sow-slide-nav sow-slide-nav-next\">\n\t\t\t\t\t<a href=\"#\" data-goto=\"next\" aria-label=\"diapositive suivante\" data-action=\"next\">\n\t\t\t\t\t\t<em class=\"sow-sld-icon-thin-right\"><\/em>\n\t\t\t\t\t<\/a>\n\t\t\t\t<\/div>\n\n\t\t\t\t<div class=\"sow-slide-nav sow-slide-nav-prev\">\n\t\t\t\t\t<a href=\"#\" data-goto=\"previous\" aria-label=\"diapositive pr\u00e9c\u00e9dente\" data-action=\"prev\">\n\t\t\t\t\t\t<em class=\"sow-sld-icon-thin-left\"><\/em>\n\t\t\t\t\t<\/a>\n\t\t\t\t<\/div>\n\t\t\t\t<\/div><\/div><\/div><\/div><div id=\"pgc-1732-0-1\"  class=\"panel-grid-cell\" ><div id=\"panel-1732-0-1-0\" class=\"so-panel widget widget_sow-editor panel-first-child panel-last-child\" data-index=\"1\" ><div class=\"so-widget-sow-editor so-widget-sow-editor-base\"><h3 class=\"widget-title\">Office de tourisme<\/h3>\n<div class=\"siteorigin-widget-tinymce textwidget\">\n\t<p>Notre bureau se  trouve au centre du village, \u00e0 l'avenue (Avinguda) Onze de Setembre. Caract\u00e9ris\u00e9 par une agr\u00e9able cour int\u00e9rieure o\u00f9 vous y trouverez d'autres services comme des toilettes entre autres.<br \/>\nLe personnel du  bureau offre une attention personnalis\u00e9e et bien m\u00e9rit\u00e9e  \u00e0 l'\u00e9gard de notre visiteur et  met \u00e0 sa disposition un point de connexion \u00e0 internet mais aussi d'impression.<\/p>\n<\/div>\n<\/div><\/div><\/div><\/div><div id=\"pg-1732-1\"  class=\"panel-grid panel-no-style\" ><div id=\"pgc-1732-1-0\"  class=\"panel-grid-cell\" ><div id=\"panel-1732-1-0-0\" class=\"so-panel widget widget_sow-editor panel-first-child panel-last-child\" data-index=\"2\" ><div class=\"so-widget-sow-editor so-widget-sow-editor-base\"><h3 class=\"widget-title\">HORAIRE JUILLETE ET AO\u00dbT<\/h3>\n<div class=\"siteorigin-widget-tinymce textwidget\">\n\t<p><strong>Du lundi au vendredi<\/strong><br \/>\n09:00 h \u2013 21:00 h<\/p>\n<p><strong>Les samedis et les dimanches<\/strong><br \/>\n10:00 h - 21:00 h<\/p>\n<\/div>\n<\/div><\/div><\/div><div id=\"pgc-1732-1-1\"  class=\"panel-grid-cell\" ><div id=\"panel-1732-1-1-0\" class=\"so-panel widget widget_sow-image panel-first-child panel-last-child\" data-index=\"3\" ><div class=\"so-widget-sow-image so-widget-sow-image-default-17bc2272b535\">\n\n<div class=\"sow-image-container\">\n\t<img src=\"https:\/\/visitbegur.cat\/wp-content\/uploads\/2017\/02\/quefer_agenda_img.jpg\" width=\"881\" height=\"496\" srcset=\"https:\/\/visitbegur.cat\/wp-content\/uploads\/2017\/02\/quefer_agenda_img.jpg 881w, https:\/\/visitbegur.cat\/wp-content\/uploads\/2017\/02\/quefer_agenda_img-300x169.jpg 300w, https:\/\/visitbegur.cat\/wp-content\/uploads\/2017\/02\/quefer_agenda_img-768x432.jpg 768w\" sizes=\"(max-width: 709px) 85vw, (max-width: 909px) 67vw, (max-width: 1362px) 62vw, 840px\" alt=\"\" \t\tclass=\"so-widget-image\"\/>\n<\/div>\n\n<\/div><\/div><\/div><div id=\"pgc-1732-1-2\"  class=\"panel-grid-cell\" ><div id=\"panel-1732-1-2-0\" class=\"so-panel widget widget_sow-editor panel-first-child panel-last-child\" data-index=\"4\" ><div class=\"so-widget-sow-editor so-widget-sow-editor-base\"><h3 class=\"widget-title\">HORAIRE MAI, JUIN ET OCTOBRE<\/h3>\n<div class=\"siteorigin-widget-tinymce textwidget\">\n\t<p><strong>Du lundi au vendredi<\/strong><br \/>\n09:00 h - 14:00 h<br \/>\n16:00 h \u2013 19:00 h<\/p>\n<p><strong>Samedi<\/strong><br \/>\n10:00 h - 14:00 h<br \/>\n16:00 h - 19:00 h<\/p>\n<p><strong>Les dimanches et vacances<\/strong><br \/>\n10:00 h \u2013 14:00 h<\/p>\n<\/div>\n<\/div><\/div><\/div><\/div><div id=\"pg-1732-2\"  class=\"panel-grid panel-no-style\" ><div id=\"pgc-1732-2-0\"  class=\"panel-grid-cell\" ><div id=\"panel-1732-2-0-0\" class=\"so-panel widget widget_sow-editor panel-first-child panel-last-child\" data-index=\"5\" ><div class=\"so-widget-sow-editor so-widget-sow-editor-base\"><h3 class=\"widget-title\">HORAIRE DE NOVEMBRE \u00c0 AVRIL<\/h3>\n<div class=\"siteorigin-widget-tinymce textwidget\">\n\t<p><strong>Du lundi au vendredi<\/strong><br \/>\n09:00 h - 14:30 h<\/p>\n<p><strong>Les samedis et vacances<\/strong><br \/>\n10:00 h \u2013 14:00 h<\/p>\n<\/div>\n<\/div><\/div><\/div><div id=\"pgc-1732-2-1\"  class=\"panel-grid-cell\" ><div id=\"panel-1732-2-1-0\" class=\"so-panel widget widget_sow-editor panel-first-child panel-last-child\" data-index=\"6\" ><div class=\"so-widget-sow-editor so-widget-sow-editor-base\"><h3 class=\"widget-title\">HORAIRE SEPTEMBRE<\/h3>\n<div class=\"siteorigin-widget-tinymce textwidget\">\n\t<p><strong>Du lundi au vendredi<\/strong><br \/>\n09:00 h - 14:00 h<br \/>\n16:00 h \u2013 20:00 h<\/p>\n<p><strong>Les samedis et les dimanches<\/strong><br \/>\n10:00 h \u2013 14.00 h<br \/>\n16:00 h\u2013 20:00 h<\/p>\n<\/div>\n<\/div><\/div><\/div><\/div><\/div>","protected":false},"excerpt":{"rendered":"<p>Notre bureau se trouve au centre du village, \u00e0 l&rsquo;avenue (Avinguda) Onze de Setembre. Caract\u00e9ris\u00e9 par une agr\u00e9able cour int\u00e9rieure o\u00f9 vous y trouverez d&rsquo;autres services comme des toilettes entre autres. Le personnel du bureau offre une attention personnalis\u00e9e et bien m\u00e9rit\u00e9e \u00e0 l&rsquo;\u00e9gard de notre visiteur et met \u00e0 sa disposition un point de &hellip; <a href=\"https:\/\/visitbegur.cat\/fr\/sobre-nosaltres\/\" class=\"more-link\">Continuer la lecture<span class=\"screen-reader-text\"> de &laquo;&nbsp;A propos de nous&nbsp;&raquo;<\/span><\/a><\/p>\n","protected":false},"author":7,"featured_media":0,"parent":0,"menu_order":45,"comment_status":"closed","ping_status":"closed","template":"page-templates\/about-us.php","meta":[],"acf":[],"yoast_head":"<!-- This site is optimized with the Yoast SEO plugin v18.3 - https:\/\/yoast.com\/wordpress\/plugins\/seo\/ -->\n<title>A propos de nous - Visit Begur<\/title>\n<meta name=\"robots\" content=\"index, follow, max-snippet:-1, max-image-preview:large, max-video-preview:-1\" \/>\n<link rel=\"canonical\" href=\"https:\/\/visitbegur.cat\/fr\/sobre-nosaltres\/\" \/>\n<meta property=\"og:locale\" content=\"fr_FR\" \/>\n<meta property=\"og:type\" content=\"article\" \/>\n<meta property=\"og:title\" content=\"A propos de nous - Visit Begur\" \/>\n<meta property=\"og:description\" content=\"Notre bureau se trouve au centre du village, \u00e0 l&#039;avenue (Avinguda) Onze de Setembre. Caract\u00e9ris\u00e9 par une agr\u00e9able cour int\u00e9rieure o\u00f9 vous y trouverez d&#039;autres services comme des toilettes entre autres. Le personnel du bureau offre une attention personnalis\u00e9e et bien m\u00e9rit\u00e9e \u00e0 l&#039;\u00e9gard de notre visiteur et met \u00e0 sa disposition un point de &hellip; Continuer la lecture de &laquo;&nbsp;A propos de nous&nbsp;&raquo;\" \/>\n<meta property=\"og:url\" content=\"https:\/\/visitbegur.cat\/fr\/sobre-nosaltres\/\" \/>\n<meta property=\"og:site_name\" content=\"Visit Begur\" \/>\n<meta property=\"article:modified_time\" content=\"2023-05-09T11:33:04+00:00\" \/>\n<meta name=\"twitter:card\" content=\"summary\" \/>\n<script type=\"application\/ld+json\" class=\"yoast-schema-graph\">{\"@context\":\"https:\/\/schema.org\",\"@graph\":[{\"@type\":\"WebSite\",\"@id\":\"https:\/\/visitbegur.cat\/#website\",\"url\":\"https:\/\/visitbegur.cat\/\",\"name\":\"Visit Begur\",\"description\":\"Otro sitio realizado con WordPress\",\"potentialAction\":[{\"@type\":\"SearchAction\",\"target\":{\"@type\":\"EntryPoint\",\"urlTemplate\":\"https:\/\/visitbegur.cat\/?s={search_term_string}\"},\"query-input\":\"required name=search_term_string\"}],\"inLanguage\":\"fr-FR\"},{\"@type\":\"WebPage\",\"@id\":\"https:\/\/visitbegur.cat\/fr\/sobre-nosaltres\/#webpage\",\"url\":\"https:\/\/visitbegur.cat\/fr\/sobre-nosaltres\/\",\"name\":\"A propos de nous - Visit Begur\",\"isPartOf\":{\"@id\":\"https:\/\/visitbegur.cat\/#website\"},\"datePublished\":\"2016-09-14T08:34:30+00:00\",\"dateModified\":\"2023-05-09T11:33:04+00:00\",\"breadcrumb\":{\"@id\":\"https:\/\/visitbegur.cat\/fr\/sobre-nosaltres\/#breadcrumb\"},\"inLanguage\":\"fr-FR\",\"potentialAction\":[{\"@type\":\"ReadAction\",\"target\":[\"https:\/\/visitbegur.cat\/fr\/sobre-nosaltres\/\"]}]},{\"@type\":\"BreadcrumbList\",\"@id\":\"https:\/\/visitbegur.cat\/fr\/sobre-nosaltres\/#breadcrumb\",\"itemListElement\":[{\"@type\":\"ListItem\",\"position\":1,\"name\":\"Home\",\"item\":\"https:\/\/visitbegur.cat\/fr\/\"},{\"@type\":\"ListItem\",\"position\":2,\"name\":\"A propos de nous\"}]}]}<\/script>\n<!-- \/ Yoast SEO plugin. -->","yoast_head_json":{"title":"A propos de nous - Visit Begur","robots":{"index":"index","follow":"follow","max-snippet":"max-snippet:-1","max-image-preview":"max-image-preview:large","max-video-preview":"max-video-preview:-1"},"canonical":"https:\/\/visitbegur.cat\/fr\/sobre-nosaltres\/","og_locale":"fr_FR","og_type":"article","og_title":"A propos de nous - Visit Begur","og_description":"Notre bureau se trouve au centre du village, \u00e0 l'avenue (Avinguda) Onze de Setembre. Caract\u00e9ris\u00e9 par une agr\u00e9able cour int\u00e9rieure o\u00f9 vous y trouverez d'autres services comme des toilettes entre autres. Le personnel du bureau offre une attention personnalis\u00e9e et bien m\u00e9rit\u00e9e \u00e0 l'\u00e9gard de notre visiteur et met \u00e0 sa disposition un point de &hellip; Continuer la lecture de &laquo;&nbsp;A propos de nous&nbsp;&raquo;","og_url":"https:\/\/visitbegur.cat\/fr\/sobre-nosaltres\/","og_site_name":"Visit Begur","article_modified_time":"2023-05-09T11:33:04+00:00","twitter_card":"summary","schema":{"@context":"https:\/\/schema.org","@graph":[{"@type":"WebSite","@id":"https:\/\/visitbegur.cat\/#website","url":"https:\/\/visitbegur.cat\/","name":"Visit Begur","description":"Otro sitio realizado con WordPress","potentialAction":[{"@type":"SearchAction","target":{"@type":"EntryPoint","urlTemplate":"https:\/\/visitbegur.cat\/?s={search_term_string}"},"query-input":"required name=search_term_string"}],"inLanguage":"fr-FR"},{"@type":"WebPage","@id":"https:\/\/visitbegur.cat\/fr\/sobre-nosaltres\/#webpage","url":"https:\/\/visitbegur.cat\/fr\/sobre-nosaltres\/","name":"A propos de nous - Visit Begur","isPartOf":{"@id":"https:\/\/visitbegur.cat\/#website"},"datePublished":"2016-09-14T08:34:30+00:00","dateModified":"2023-05-09T11:33:04+00:00","breadcrumb":{"@id":"https:\/\/visitbegur.cat\/fr\/sobre-nosaltres\/#breadcrumb"},"inLanguage":"fr-FR","potentialAction":[{"@type":"ReadAction","target":["https:\/\/visitbegur.cat\/fr\/sobre-nosaltres\/"]}]},{"@type":"BreadcrumbList","@id":"https:\/\/visitbegur.cat\/fr\/sobre-nosaltres\/#breadcrumb","itemListElement":[{"@type":"ListItem","position":1,"name":"Home","item":"https:\/\/visitbegur.cat\/fr\/"},{"@type":"ListItem","position":2,"name":"A propos de nous"}]}]}},"_links":{"self":[{"href":"https:\/\/visitbegur.cat\/fr\/wp-json\/wp\/v2\/pages\/1732"}],"collection":[{"href":"https:\/\/visitbegur.cat\/fr\/wp-json\/wp\/v2\/pages"}],"about":[{"href":"https:\/\/visitbegur.cat\/fr\/wp-json\/wp\/v2\/types\/page"}],"author":[{"embeddable":true,"href":"https:\/\/visitbegur.cat\/fr\/wp-json\/wp\/v2\/users\/7"}],"replies":[{"embeddable":true,"href":"https:\/\/visitbegur.cat\/fr\/wp-json\/wp\/v2\/comments?post=1732"}],"version-history":[{"count":5,"href":"https:\/\/visitbegur.cat\/fr\/wp-json\/wp\/v2\/pages\/1732\/revisions"}],"predecessor-version":[{"id":26726,"href":"https:\/\/visitbegur.cat\/fr\/wp-json\/wp\/v2\/pages\/1732\/revisions\/26726"}],"wp:attachment":[{"href":"https:\/\/visitbegur.cat\/fr\/wp-json\/wp\/v2\/media?parent=1732"}],"curies":[{"name":"wp","href":"https:\/\/api.w.org\/{rel}","templated":true}]}}