{"id":1815,"date":"2016-08-04T10:51:11","date_gmt":"2016-08-04T10:51:11","guid":{"rendered":"http:\/\/visitbegur.cat\/el-poble\/"},"modified":"2023-07-18T12:50:17","modified_gmt":"2023-07-18T12:50:17","slug":"el-pueblo","status":"publish","type":"page","link":"https:\/\/visitbegur.cat\/es\/el-pueblo\/","title":{"rendered":"El Pueblo"},"content":{"rendered":"<div id=\"pl-1815\"  class=\"panel-layout\" ><div id=\"pg-1815-0\"  class=\"panel-grid panel-no-style\" ><div id=\"pgc-1815-0-0\"  class=\"panel-grid-cell\" ><div id=\"panel-1815-0-0-0\" class=\"so-panel widget widget_sow-image panel-first-child panel-last-child\" data-index=\"0\" ><div class=\"so-widget-sow-image so-widget-sow-image-default-17bc2272b535\">\n\n<div class=\"sow-image-container\">\n<a href=\"https:\/\/visitbegur.cat\/es\/galeriamultimedia\/?cat=foto\" >\t<img src=\"https:\/\/visitbegur.cat\/wp-content\/uploads\/2022\/07\/06_CarmenAmaya-3-scaled-e1659191798514.jpg\" width=\"500\" height=\"281\" srcset=\"https:\/\/visitbegur.cat\/wp-content\/uploads\/2022\/07\/06_CarmenAmaya-3-scaled-e1659191798514-300x169.jpg 300w, https:\/\/visitbegur.cat\/wp-content\/uploads\/2022\/07\/06_CarmenAmaya-3-scaled-e1659191798514.jpg 500w\" sizes=\"(max-width: 500px) 85vw, 500px\" title=\"Begur\" alt=\"Begur\" \t\tclass=\"so-widget-image\"\/>\n<\/a><\/div>\n\n<\/div><\/div><\/div><div id=\"pgc-1815-0-1\"  class=\"panel-grid-cell\" ><div id=\"panel-1815-0-1-0\" class=\"so-panel widget widget_text panel-first-child panel-last-child\" data-index=\"1\" ><h3 class=\"widget-title\">El pueblo<\/h3>\t\t\t<div class=\"textwidget\"><p>Situado en el coraz\u00f3n del Empord\u00e0, el pueblo de Begur y sus playas configuran uno de los lugares m\u00e1s maravillosos de la Costa Brava. Su t\u00e9rmino municipal est\u00e1 formado por un conjunto de colinas llamado Macizo de Begur, y un extenso litoral, ba\u00f1ado por el mar Mediterr\u00e1neo.<br \/>\nTanto el casco antiguo de Begur, formado por m\u00faltiples monumentos que han quedado como legado de los momentos m\u00e1s significativos de su historia; como el peque\u00f1o n\u00facleo rom\u00e1nico de Esclany\u00e0, o las ocho calas y peque\u00f1as playas que pertenecen a Begur, configuran un conjunto, y un entorno paisaj\u00edstico, inigualables.<\/p>\n<\/div>\n\t\t<\/div><\/div><\/div><div id=\"pg-1815-1\"  class=\"panel-grid panel-no-style\" ><div id=\"pgc-1815-1-0\"  class=\"panel-grid-cell\" ><div id=\"panel-1815-1-0-0\" class=\"so-panel widget widget_text panel-first-child panel-last-child\" data-index=\"2\" ><div class=\"text panel-widget-style panel-widget-style-for-1815-1-0-0\" ><h3 class=\"widget-title\">Centro Hist\u00f3rico<\/h3>\t\t\t<div class=\"textwidget\"><p>Begur es un pueblo con una profunda personalidad hist\u00f3rica. Al abrigo de su castillo medieval, coraleros, pescadores, indianos y del corcho han protagonizado brillantes p\u00e1ginas de una historia que se refleja en cada calle, en cada casa y en cada rinc\u00f3n del pueblo.<br \/>\nLa imagen m\u00e1s conocida de Begur es sin duda el castillo medieval que preside el municipio, pero encontramos tambi\u00e9n otros lugares interesantes para visitar, como las numerosas casas indianas (edificios de estilo colonial, construidos por begurenses que el siglo XIX emigraron a \u00ablas Am\u00e9ricas \u00abhuyendo de la crisis econ\u00f3mica del momento, y que regresaron posteriormente con una importante fortuna), las torres de defensa del siglo XVI (legado del tiempo en que los piratas navegaban por el Mediterr\u00e1neo y construidas por los begurenses como medio de refugio contra sus asaltos ), la iglesia (edificio de estilo g\u00f3tico dedicado a San Pedro) u otros edificios hist\u00f3ricos como el Casino Cultural o las Escuelas Viejas.<\/p>\n<\/div>\n\t\t<\/div><\/div><\/div><div id=\"pgc-1815-1-1\"  class=\"panel-grid-cell\" ><div id=\"panel-1815-1-1-0\" class=\"so-panel widget widget_sow-image panel-first-child panel-last-child\" data-index=\"3\" ><div class=\"so-widget-sow-image so-widget-sow-image-default-17bc2272b535\">\n\n<div class=\"sow-image-container\">\n<a href=\"https:\/\/visitbegur.cat\/es\/cultura\/\" >\t<img src=\"https:\/\/visitbegur.cat\/wp-content\/uploads\/2023\/07\/Torre-Pella-i-Forgas-1-scaled.jpg\" width=\"2560\" height=\"1710\" srcset=\"https:\/\/visitbegur.cat\/wp-content\/uploads\/2023\/07\/Torre-Pella-i-Forgas-1-scaled.jpg 2560w, https:\/\/visitbegur.cat\/wp-content\/uploads\/2023\/07\/Torre-Pella-i-Forgas-1-300x200.jpg 300w, https:\/\/visitbegur.cat\/wp-content\/uploads\/2023\/07\/Torre-Pella-i-Forgas-1-1024x684.jpg 1024w, https:\/\/visitbegur.cat\/wp-content\/uploads\/2023\/07\/Torre-Pella-i-Forgas-1-768x513.jpg 768w, https:\/\/visitbegur.cat\/wp-content\/uploads\/2023\/07\/Torre-Pella-i-Forgas-1-1536x1026.jpg 1536w, https:\/\/visitbegur.cat\/wp-content\/uploads\/2023\/07\/Torre-Pella-i-Forgas-1-2048x1368.jpg 2048w, https:\/\/visitbegur.cat\/wp-content\/uploads\/2023\/07\/Torre-Pella-i-Forgas-1-1200x801.jpg 1200w, https:\/\/visitbegur.cat\/wp-content\/uploads\/2023\/07\/Torre-Pella-i-Forgas-1-272x182.jpg 272w\" sizes=\"(max-width: 709px) 85vw, (max-width: 909px) 67vw, (max-width: 1362px) 62vw, 840px\" title=\"Begur\" alt=\"Begur\" \t\tclass=\"so-widget-image\"\/>\n<\/a><\/div>\n\n<\/div><\/div><\/div><\/div><div id=\"pg-1815-2\"  class=\"panel-grid panel-no-style\" ><div id=\"pgc-1815-2-0\"  class=\"panel-grid-cell\" ><div id=\"panel-1815-2-0-0\" class=\"so-panel widget widget_sow-image panel-first-child panel-last-child\" data-index=\"4\" ><div class=\"so-widget-sow-image so-widget-sow-image-default-2ec334f0a340\">\n\n<div class=\"sow-image-container\">\n\t<img src=\"https:\/\/visitbegur.cat\/wp-content\/uploads\/2022\/10\/Sant-Esteve-d_Esclanya-2.jpg\" width=\"1149\" height=\"768\" srcset=\"https:\/\/visitbegur.cat\/wp-content\/uploads\/2022\/10\/Sant-Esteve-d_Esclanya-2.jpg 1149w, https:\/\/visitbegur.cat\/wp-content\/uploads\/2022\/10\/Sant-Esteve-d_Esclanya-2-300x201.jpg 300w, https:\/\/visitbegur.cat\/wp-content\/uploads\/2022\/10\/Sant-Esteve-d_Esclanya-2-1024x684.jpg 1024w, https:\/\/visitbegur.cat\/wp-content\/uploads\/2022\/10\/Sant-Esteve-d_Esclanya-2-768x513.jpg 768w, https:\/\/visitbegur.cat\/wp-content\/uploads\/2022\/10\/Sant-Esteve-d_Esclanya-2-272x182.jpg 272w\" sizes=\"(max-width: 709px) 85vw, (max-width: 909px) 67vw, (max-width: 1362px) 62vw, 840px\" title=\"Begur\" alt=\"Begur\" \t\tclass=\"so-widget-image\"\/>\n<\/div>\n\n<\/div><\/div><\/div><div id=\"pgc-1815-2-1\"  class=\"panel-grid-cell\" ><div id=\"panel-1815-2-1-0\" class=\"so-panel widget widget_text panel-first-child panel-last-child\" data-index=\"5\" ><div class=\"text panel-widget-style panel-widget-style-for-1815-2-1-0\" ><h3 class=\"widget-title\">Esclany\u00e0<\/h3>\t\t\t<div class=\"textwidget\"><p>Esclany\u00e0 forma parte del municipio de Begur, y se encuentra situado en el sector noroeste del t\u00e9rmino municipal. Hasta finales de la edad media fue una posesi\u00f3n del se\u00f1or de Cru\u00eflles.<br \/>\nEl pueblo se estructura en torno a la iglesia de San Esteban de Esclany\u00e0, citada documentalmente en el a\u00f1o 1280. La iglesia contiene elementos propios de diferentes \u00e9pocas del rom\u00e1nico desde el siglo X, lo que permite indicar la existencia de un templo anterior.<br \/>\nSu castillo, conocido popularmente como la torre de Esclany\u00e0, es una edificaci\u00f3n del siglo XIV. En la actualidad se conserva la gran torre de planta rectangular, de \u00e9poca rom\u00e1nica, con unas almenas en el lado norte.<br \/>\nTradicionalmente la econom\u00eda de Esclany\u00e0 se fundament\u00f3 en el cultivo de las vi\u00f1as y los olivos. La producci\u00f3n de azulejos represent\u00f3 la principal actividad industrial.<\/p>\n<\/div>\n\t\t<\/div><\/div><\/div><\/div><\/div>","protected":false},"excerpt":{"rendered":"<p>Situado en el coraz\u00f3n del Empord\u00e0, el pueblo de Begur y sus playas configuran uno de los lugares m\u00e1s maravillosos de la Costa Brava. Su t\u00e9rmino municipal est\u00e1 formado por un conjunto de colinas llamado Macizo de Begur, y un extenso litoral, ba\u00f1ado por el mar Mediterr\u00e1neo. Tanto el casco antiguo de Begur, formado por &hellip; <a href=\"https:\/\/visitbegur.cat\/es\/el-pueblo\/\" class=\"more-link\">Continuar leyendo<span class=\"screen-reader-text\"> \u00abEl Pueblo\u00bb<\/span><\/a><\/p>\n","protected":false},"author":7,"featured_media":0,"parent":0,"menu_order":141,"comment_status":"closed","ping_status":"closed","template":"page-templates\/begur.php","meta":[],"acf":[],"yoast_head":"<!-- This site is optimized with the Yoast SEO plugin v18.3 - https:\/\/yoast.com\/wordpress\/plugins\/seo\/ -->\n<title>El Pueblo - Visit Begur<\/title>\n<meta name=\"robots\" content=\"index, follow, max-snippet:-1, max-image-preview:large, max-video-preview:-1\" \/>\n<link rel=\"canonical\" href=\"https:\/\/visitbegur.cat\/es\/el-pueblo\/\" \/>\n<meta property=\"og:locale\" content=\"es_ES\" \/>\n<meta property=\"og:type\" content=\"article\" \/>\n<meta property=\"og:title\" content=\"El Pueblo - Visit Begur\" \/>\n<meta property=\"og:description\" content=\"Situado en el coraz\u00f3n del Empord\u00e0, el pueblo de Begur y sus playas configuran uno de los lugares m\u00e1s maravillosos de la Costa Brava. Su t\u00e9rmino municipal est\u00e1 formado por un conjunto de colinas llamado Macizo de Begur, y un extenso litoral, ba\u00f1ado por el mar Mediterr\u00e1neo. Tanto el casco antiguo de Begur, formado por &hellip; Continuar leyendo &quot;El Pueblo&quot;\" \/>\n<meta property=\"og:url\" content=\"https:\/\/visitbegur.cat\/es\/el-pueblo\/\" \/>\n<meta property=\"og:site_name\" content=\"Visit Begur\" \/>\n<meta property=\"article:modified_time\" content=\"2023-07-18T12:50:17+00:00\" \/>\n<meta name=\"twitter:card\" content=\"summary\" \/>\n<script type=\"application\/ld+json\" class=\"yoast-schema-graph\">{\"@context\":\"https:\/\/schema.org\",\"@graph\":[{\"@type\":\"WebSite\",\"@id\":\"https:\/\/visitbegur.cat\/#website\",\"url\":\"https:\/\/visitbegur.cat\/\",\"name\":\"Visit Begur\",\"description\":\"Otro sitio realizado con WordPress\",\"potentialAction\":[{\"@type\":\"SearchAction\",\"target\":{\"@type\":\"EntryPoint\",\"urlTemplate\":\"https:\/\/visitbegur.cat\/?s={search_term_string}\"},\"query-input\":\"required name=search_term_string\"}],\"inLanguage\":\"es\"},{\"@type\":\"WebPage\",\"@id\":\"https:\/\/visitbegur.cat\/es\/el-pueblo\/#webpage\",\"url\":\"https:\/\/visitbegur.cat\/es\/el-pueblo\/\",\"name\":\"El Pueblo - Visit Begur\",\"isPartOf\":{\"@id\":\"https:\/\/visitbegur.cat\/#website\"},\"datePublished\":\"2016-08-04T10:51:11+00:00\",\"dateModified\":\"2023-07-18T12:50:17+00:00\",\"breadcrumb\":{\"@id\":\"https:\/\/visitbegur.cat\/es\/el-pueblo\/#breadcrumb\"},\"inLanguage\":\"es\",\"potentialAction\":[{\"@type\":\"ReadAction\",\"target\":[\"https:\/\/visitbegur.cat\/es\/el-pueblo\/\"]}]},{\"@type\":\"BreadcrumbList\",\"@id\":\"https:\/\/visitbegur.cat\/es\/el-pueblo\/#breadcrumb\",\"itemListElement\":[{\"@type\":\"ListItem\",\"position\":1,\"name\":\"Home\",\"item\":\"https:\/\/visitbegur.cat\/es\/\"},{\"@type\":\"ListItem\",\"position\":2,\"name\":\"El Pueblo\"}]}]}<\/script>\n<!-- \/ Yoast SEO plugin. -->","yoast_head_json":{"title":"El Pueblo - Visit Begur","robots":{"index":"index","follow":"follow","max-snippet":"max-snippet:-1","max-image-preview":"max-image-preview:large","max-video-preview":"max-video-preview:-1"},"canonical":"https:\/\/visitbegur.cat\/es\/el-pueblo\/","og_locale":"es_ES","og_type":"article","og_title":"El Pueblo - Visit Begur","og_description":"Situado en el coraz\u00f3n del Empord\u00e0, el pueblo de Begur y sus playas configuran uno de los lugares m\u00e1s maravillosos de la Costa Brava. Su t\u00e9rmino municipal est\u00e1 formado por un conjunto de colinas llamado Macizo de Begur, y un extenso litoral, ba\u00f1ado por el mar Mediterr\u00e1neo. Tanto el casco antiguo de Begur, formado por &hellip; Continuar leyendo \"El Pueblo\"","og_url":"https:\/\/visitbegur.cat\/es\/el-pueblo\/","og_site_name":"Visit Begur","article_modified_time":"2023-07-18T12:50:17+00:00","twitter_card":"summary","schema":{"@context":"https:\/\/schema.org","@graph":[{"@type":"WebSite","@id":"https:\/\/visitbegur.cat\/#website","url":"https:\/\/visitbegur.cat\/","name":"Visit Begur","description":"Otro sitio realizado con WordPress","potentialAction":[{"@type":"SearchAction","target":{"@type":"EntryPoint","urlTemplate":"https:\/\/visitbegur.cat\/?s={search_term_string}"},"query-input":"required name=search_term_string"}],"inLanguage":"es"},{"@type":"WebPage","@id":"https:\/\/visitbegur.cat\/es\/el-pueblo\/#webpage","url":"https:\/\/visitbegur.cat\/es\/el-pueblo\/","name":"El Pueblo - Visit Begur","isPartOf":{"@id":"https:\/\/visitbegur.cat\/#website"},"datePublished":"2016-08-04T10:51:11+00:00","dateModified":"2023-07-18T12:50:17+00:00","breadcrumb":{"@id":"https:\/\/visitbegur.cat\/es\/el-pueblo\/#breadcrumb"},"inLanguage":"es","potentialAction":[{"@type":"ReadAction","target":["https:\/\/visitbegur.cat\/es\/el-pueblo\/"]}]},{"@type":"BreadcrumbList","@id":"https:\/\/visitbegur.cat\/es\/el-pueblo\/#breadcrumb","itemListElement":[{"@type":"ListItem","position":1,"name":"Home","item":"https:\/\/visitbegur.cat\/es\/"},{"@type":"ListItem","position":2,"name":"El Pueblo"}]}]}},"_links":{"self":[{"href":"https:\/\/visitbegur.cat\/es\/wp-json\/wp\/v2\/pages\/1815"}],"collection":[{"href":"https:\/\/visitbegur.cat\/es\/wp-json\/wp\/v2\/pages"}],"about":[{"href":"https:\/\/visitbegur.cat\/es\/wp-json\/wp\/v2\/types\/page"}],"author":[{"embeddable":true,"href":"https:\/\/visitbegur.cat\/es\/wp-json\/wp\/v2\/users\/7"}],"replies":[{"embeddable":true,"href":"https:\/\/visitbegur.cat\/es\/wp-json\/wp\/v2\/comments?post=1815"}],"version-history":[{"count":5,"href":"https:\/\/visitbegur.cat\/es\/wp-json\/wp\/v2\/pages\/1815\/revisions"}],"predecessor-version":[{"id":27986,"href":"https:\/\/visitbegur.cat\/es\/wp-json\/wp\/v2\/pages\/1815\/revisions\/27986"}],"wp:attachment":[{"href":"https:\/\/visitbegur.cat\/es\/wp-json\/wp\/v2\/media?parent=1815"}],"curies":[{"name":"wp","href":"https:\/\/api.w.org\/{rel}","templated":true}]}}