{"id":1771,"date":"2016-08-16T06:48:53","date_gmt":"2016-08-16T06:48:53","guid":{"rendered":"http:\/\/visitbegur.cat\/esports-i-aventura\/"},"modified":"2022-06-08T07:36:00","modified_gmt":"2022-06-08T07:36:00","slug":"deportes-y-aventura","status":"publish","type":"page","link":"https:\/\/visitbegur.cat\/es\/deportes-y-aventura\/","title":{"rendered":"N\u00e1utico"},"content":{"rendered":"<div id=\"pl-gb1771-69e4f504479b9\"  class=\"panel-layout\" ><div id=\"pg-gb1771-69e4f504479b9-0\"  class=\"panel-grid panel-no-style\" ><div id=\"pgc-gb1771-69e4f504479b9-0-0\"  class=\"panel-grid-cell\" ><div id=\"panel-gb1771-69e4f504479b9-0-0-0\" class=\"so-panel widget widget_sow-editor panel-first-child panel-last-child\" data-index=\"0\" ><div class=\"so-widget-sow-editor so-widget-sow-editor-base\">\n<div class=\"siteorigin-widget-tinymce textwidget\">\n\t<p>Begur ofrece una amplia oferta mar\u00edtima para disfrutar de nuestro litoral.<br \/>\nLa mayor\u00eda de nuestras playas disponen de un servicio de varada y fondeo de embarcaciones (Aiguablava, Fornells, Aiguafreda, Sa Riera y Sa Tuna).<\/p>\n<p>Por otra parte, se programan diferentes rutas y excursiones para conocer nuestra abrupta costa y descubrir los rincones, calas y cuevas m\u00e1s indescriptibles!<\/p>\n<p>Si lo que le motiva es navegar, tiene la posibilidad de alquilar una embarcaci\u00f3n y disfrutar de un d\u00eda inmejorable en la costa begurenca.<\/p>\n<\/div>\n<\/div><\/div><\/div><\/div><\/div>","protected":false},"excerpt":{"rendered":"<p>Begur ofrece una amplia oferta mar\u00edtima para disfrutar de nuestro litoral. La mayor\u00eda de nuestras playas disponen de un servicio de varada y fondeo de embarcaciones (Aiguablava, Fornells, Aiguafreda, Sa Riera y Sa Tuna). Por otra parte, se programan diferentes rutas y excursiones para conocer nuestra abrupta costa y descubrir los rincones, calas y cuevas &hellip; <a href=\"https:\/\/visitbegur.cat\/es\/deportes-y-aventura\/\" class=\"more-link\">Continuar leyendo<span class=\"screen-reader-text\"> \u00abN\u00e1utico\u00bb<\/span><\/a><\/p>\n","protected":false},"author":7,"featured_media":0,"parent":0,"menu_order":96,"comment_status":"closed","ping_status":"closed","template":"page-templates\/nautic.php","meta":[],"acf":[],"yoast_head":"<!-- This site is optimized with the Yoast SEO plugin v18.3 - https:\/\/yoast.com\/wordpress\/plugins\/seo\/ -->\n<title>N\u00e1utico - Visit Begur<\/title>\n<meta name=\"robots\" content=\"index, follow, max-snippet:-1, max-image-preview:large, max-video-preview:-1\" \/>\n<link rel=\"canonical\" href=\"https:\/\/visitbegur.cat\/es\/deportes-y-aventura\/\" \/>\n<meta property=\"og:locale\" content=\"es_ES\" \/>\n<meta property=\"og:type\" content=\"article\" \/>\n<meta property=\"og:title\" content=\"N\u00e1utico - Visit Begur\" \/>\n<meta property=\"og:description\" content=\"Begur ofrece una amplia oferta mar\u00edtima para disfrutar de nuestro litoral. La mayor\u00eda de nuestras playas disponen de un servicio de varada y fondeo de embarcaciones (Aiguablava, Fornells, Aiguafreda, Sa Riera y Sa Tuna). Por otra parte, se programan diferentes rutas y excursiones para conocer nuestra abrupta costa y descubrir los rincones, calas y cuevas &hellip; Continuar leyendo &quot;N\u00e1utico&quot;\" \/>\n<meta property=\"og:url\" content=\"https:\/\/visitbegur.cat\/es\/deportes-y-aventura\/\" \/>\n<meta property=\"og:site_name\" content=\"Visit Begur\" \/>\n<meta property=\"article:modified_time\" content=\"2022-06-08T07:36:00+00:00\" \/>\n<meta name=\"twitter:card\" content=\"summary\" \/>\n<script type=\"application\/ld+json\" class=\"yoast-schema-graph\">{\"@context\":\"https:\/\/schema.org\",\"@graph\":[{\"@type\":\"WebSite\",\"@id\":\"https:\/\/visitbegur.cat\/#website\",\"url\":\"https:\/\/visitbegur.cat\/\",\"name\":\"Visit Begur\",\"description\":\"Otro sitio realizado con WordPress\",\"potentialAction\":[{\"@type\":\"SearchAction\",\"target\":{\"@type\":\"EntryPoint\",\"urlTemplate\":\"https:\/\/visitbegur.cat\/?s={search_term_string}\"},\"query-input\":\"required name=search_term_string\"}],\"inLanguage\":\"es\"},{\"@type\":\"WebPage\",\"@id\":\"https:\/\/visitbegur.cat\/es\/deportes-y-aventura\/#webpage\",\"url\":\"https:\/\/visitbegur.cat\/es\/deportes-y-aventura\/\",\"name\":\"N\u00e1utico - Visit Begur\",\"isPartOf\":{\"@id\":\"https:\/\/visitbegur.cat\/#website\"},\"datePublished\":\"2016-08-16T06:48:53+00:00\",\"dateModified\":\"2022-06-08T07:36:00+00:00\",\"breadcrumb\":{\"@id\":\"https:\/\/visitbegur.cat\/es\/deportes-y-aventura\/#breadcrumb\"},\"inLanguage\":\"es\",\"potentialAction\":[{\"@type\":\"ReadAction\",\"target\":[\"https:\/\/visitbegur.cat\/es\/deportes-y-aventura\/\"]}]},{\"@type\":\"BreadcrumbList\",\"@id\":\"https:\/\/visitbegur.cat\/es\/deportes-y-aventura\/#breadcrumb\",\"itemListElement\":[{\"@type\":\"ListItem\",\"position\":1,\"name\":\"Home\",\"item\":\"https:\/\/visitbegur.cat\/es\/\"},{\"@type\":\"ListItem\",\"position\":2,\"name\":\"N\u00e1utico\"}]}]}<\/script>\n<!-- \/ Yoast SEO plugin. -->","yoast_head_json":{"title":"N\u00e1utico - Visit Begur","robots":{"index":"index","follow":"follow","max-snippet":"max-snippet:-1","max-image-preview":"max-image-preview:large","max-video-preview":"max-video-preview:-1"},"canonical":"https:\/\/visitbegur.cat\/es\/deportes-y-aventura\/","og_locale":"es_ES","og_type":"article","og_title":"N\u00e1utico - Visit Begur","og_description":"Begur ofrece una amplia oferta mar\u00edtima para disfrutar de nuestro litoral. La mayor\u00eda de nuestras playas disponen de un servicio de varada y fondeo de embarcaciones (Aiguablava, Fornells, Aiguafreda, Sa Riera y Sa Tuna). Por otra parte, se programan diferentes rutas y excursiones para conocer nuestra abrupta costa y descubrir los rincones, calas y cuevas &hellip; Continuar leyendo \"N\u00e1utico\"","og_url":"https:\/\/visitbegur.cat\/es\/deportes-y-aventura\/","og_site_name":"Visit Begur","article_modified_time":"2022-06-08T07:36:00+00:00","twitter_card":"summary","schema":{"@context":"https:\/\/schema.org","@graph":[{"@type":"WebSite","@id":"https:\/\/visitbegur.cat\/#website","url":"https:\/\/visitbegur.cat\/","name":"Visit Begur","description":"Otro sitio realizado con WordPress","potentialAction":[{"@type":"SearchAction","target":{"@type":"EntryPoint","urlTemplate":"https:\/\/visitbegur.cat\/?s={search_term_string}"},"query-input":"required name=search_term_string"}],"inLanguage":"es"},{"@type":"WebPage","@id":"https:\/\/visitbegur.cat\/es\/deportes-y-aventura\/#webpage","url":"https:\/\/visitbegur.cat\/es\/deportes-y-aventura\/","name":"N\u00e1utico - Visit Begur","isPartOf":{"@id":"https:\/\/visitbegur.cat\/#website"},"datePublished":"2016-08-16T06:48:53+00:00","dateModified":"2022-06-08T07:36:00+00:00","breadcrumb":{"@id":"https:\/\/visitbegur.cat\/es\/deportes-y-aventura\/#breadcrumb"},"inLanguage":"es","potentialAction":[{"@type":"ReadAction","target":["https:\/\/visitbegur.cat\/es\/deportes-y-aventura\/"]}]},{"@type":"BreadcrumbList","@id":"https:\/\/visitbegur.cat\/es\/deportes-y-aventura\/#breadcrumb","itemListElement":[{"@type":"ListItem","position":1,"name":"Home","item":"https:\/\/visitbegur.cat\/es\/"},{"@type":"ListItem","position":2,"name":"N\u00e1utico"}]}]}},"_links":{"self":[{"href":"https:\/\/visitbegur.cat\/es\/wp-json\/wp\/v2\/pages\/1771"}],"collection":[{"href":"https:\/\/visitbegur.cat\/es\/wp-json\/wp\/v2\/pages"}],"about":[{"href":"https:\/\/visitbegur.cat\/es\/wp-json\/wp\/v2\/types\/page"}],"author":[{"embeddable":true,"href":"https:\/\/visitbegur.cat\/es\/wp-json\/wp\/v2\/users\/7"}],"replies":[{"embeddable":true,"href":"https:\/\/visitbegur.cat\/es\/wp-json\/wp\/v2\/comments?post=1771"}],"version-history":[{"count":5,"href":"https:\/\/visitbegur.cat\/es\/wp-json\/wp\/v2\/pages\/1771\/revisions"}],"predecessor-version":[{"id":21555,"href":"https:\/\/visitbegur.cat\/es\/wp-json\/wp\/v2\/pages\/1771\/revisions\/21555"}],"wp:attachment":[{"href":"https:\/\/visitbegur.cat\/es\/wp-json\/wp\/v2\/media?parent=1771"}],"curies":[{"name":"wp","href":"https:\/\/api.w.org\/{rel}","templated":true}]}}