{"id":1759,"date":"2016-08-31T11:35:32","date_gmt":"2016-08-31T11:35:32","guid":{"rendered":"http:\/\/visitbegur.cat\/cookies\/"},"modified":"2020-02-25T09:53:45","modified_gmt":"2020-02-25T09:53:45","slug":"cookies","status":"publish","type":"page","link":"https:\/\/visitbegur.cat\/es\/cookies\/","title":{"rendered":"Cookies"},"content":{"rendered":"<h2>Definici\u00f3 i funci\u00f3 de les Cookies<\/h2>\n<p>Una cookie \u00e9s un fitxer que es descarrega al seu ordinador en accedir a determinats llocs web. Les cookies permeten, entre d\u2019altres coses, registrar l\u2019activitat de l\u2019usuari de manera an\u00f2nima a la p\u00e0gina web, aix\u00ed es poden recordar determinats par\u00e0metres i informaci\u00f3 amb l\u2019objectiu d\u2019analitzar les dades de l\u2019usuari, tenir una major personalitzaci\u00f3 del lloc web o b\u00e9 poder configurar prefer\u00e8ncies.<\/p>\n<h2>Quins tipus de cookies utilitza aquesta p\u00e0gina web?<\/h2>\n<p>Les cookies pr\u00f2pies de tercers prestadors de serveis s\u00f3n les seg\u00fcents:<br \/>\n(Les cookies de tercers s\u00f3n aquelles que s\u2019envien a l\u2019equip terminal de l\u2019usuari des d\u2019un equip o domini que no \u00e9s gestionat per l\u2019editor, sin\u00f3 per una altra entitat que treballa les dades obtingudes a trav\u00e9s de les cookies)<\/p>\n<h2>Google Maps<\/h2>\n<p>Dos cookies (PREF i NID) persistents establertes per aplicacions de Google Maps i gestionades per Google.<br \/>\nPer a m\u00e9s detalls es pot consultar en el seg\u00fcent enlla\u00e7 la pol\u00edtica de privacitat de Google [<a href=\"http:\/\/www.google.com\/intl\/es\/policies\/privacy\/\" target=\"_blank\">http:\/\/www.google.com\/intl\/es\/policies\/privacy\/<\/a>]<\/p>\n<h2>Google Analytics<\/h2>\n<p>Per realitzar les estad\u00edstiques d&#8217;\u00fas del lloc web s\u2019utilitzen les cookies de Google Analytics. L\u2019objectiu \u00e9s con\u00e8ixer el nivell de recurr\u00e8ncia dels visitants i els continguts que resulten m\u00e9s interessants, aix\u00ed es poden concentrar els esfor\u00e7os a millorar les \u00e0rees m\u00e9s visitades i fer que l&#8217;usuari trobi m\u00e9s f\u00e0cilment el que busca.<br \/>\nEl lloc web pot utilitzar informaci\u00f3 de la visita de l\u2019usuari per realitzar avaluacions i c\u00e0lculs estad\u00edstics sobre dades an\u00f2nimes, aix\u00ed com garantir la continu\u00eftat del servei o realitzar millores en els seus llocs web.<br \/>\nPer a m\u00e9s detalls es pot consultar en el seg\u00fcent enlla\u00e7 la pol\u00edtica de privacitat de Google [<a href=\"http:\/\/www.google.com\/intl\/es\/policies\/privacy\/\" target=\"_blank\">http:\/\/www.google.com\/intl\/es\/policies\/privacy\/<\/a>]<\/p>\n<h2>Revocaci\u00f3 i eliminaci\u00f3 de galetes<\/h2>\n<p>Vost\u00e8 pot permetre, bloquejar o eliminar les cookies instal\u2022lades en el seu equip mitjan\u00e7ant la configuraci\u00f3 de les opcions del navegador. En cas que no permeti la instal\u00b7laci\u00f3 de cookies \u00e9s possible que no pugui accedir a alguna de les seccions de la p\u00e0gina web.<br \/>\nEn els seg\u00fcents enlla\u00e7os s&#8217;explica la gesti\u00f3 de les galetes segons els diferents navegadors web:<\/p>\n<p>Chrome, des de <a href=\"http:\/\/support.google.com\/chrome\/bin\/answer.py?hl=es&amp;answer=95647\" target=\"_blank\">http:\/\/support.google.com\/chrome\/bin\/answer.py?hl=es&amp;answer=95647<\/a><\/p>\n<p>Explorer, des de <a href=\"http:\/\/windows.microsoft.com\/es-es\/windows7\/how-to-manage-cookies-in-internet-explorer-9\" target=\"_blank\">http:\/\/windows.microsoft.com\/es-es\/windows7\/how-to-manage-cookies-in-internet-explorer-9<\/a><\/p>\n<p>Firefox, des de <a href=\"http:\/\/support.mozilla.org\/es\/kb\/habilitar-y-deshabilitar-cookies-que-los-sitios-we\" target=\"_blank\">http:\/\/support.mozilla.org\/es\/kb\/habilitar-y-deshabilitar-cookies-que-los-sitios-we<\/a><\/p>\n<p>Safari, des de <a href=\"http:\/\/support.apple.com\/kb\/ph5042\" target=\"_blank\">http:\/\/support.apple.com\/kb\/ph5042<\/a><\/p>\n<h2>M\u00e9s informaci\u00f3 sobre les cookies i la seva pol\u00edtica<\/h2>\n<p>Pot ampliar la informaci\u00f3 en els seg\u00fcents enlla\u00e7os:<\/p>\n<p><a href=\"http:\/\/en.wikipedia.org\/wiki\/HTTP_cookie\" target=\"_blank\">http:\/\/en.wikipedia.org\/wiki\/HTTP_cookie<\/a><\/p>\n<p><a href=\"http:\/\/www.agpd.es\/portalwebAGPD\/canaldocumentacion\/publicaciones\/common\/Guias\/Guia_Cookies.pdf\" target=\"_blank\">http:\/\/www.agpd.es\/portalwebAGPD\/canaldocumentacion\/publicaciones\/common\/Guias\/Guia_Cookies.pdf<\/a><\/p>\n","protected":false},"excerpt":{"rendered":"<p>Definici\u00f3 i funci\u00f3 de les Cookies Una cookie \u00e9s un fitxer que es descarrega al seu ordinador en accedir a determinats llocs web. Les cookies permeten, entre d\u2019altres coses, registrar l\u2019activitat de l\u2019usuari de manera an\u00f2nima a la p\u00e0gina web, aix\u00ed es poden recordar determinats par\u00e0metres i informaci\u00f3 amb l\u2019objectiu d\u2019analitzar les dades de l\u2019usuari, &hellip; <a href=\"https:\/\/visitbegur.cat\/es\/cookies\/\" class=\"more-link\">Continuar leyendo<span class=\"screen-reader-text\"> \u00abCookies\u00bb<\/span><\/a><\/p>\n","protected":false},"author":7,"featured_media":0,"parent":0,"menu_order":72,"comment_status":"closed","ping_status":"closed","template":"page-templates\/cookies.php","meta":[],"acf":[],"yoast_head":"<!-- This site is optimized with the Yoast SEO plugin v18.3 - https:\/\/yoast.com\/wordpress\/plugins\/seo\/ -->\n<title>Cookies - Visit Begur<\/title>\n<meta name=\"robots\" content=\"index, follow, max-snippet:-1, max-image-preview:large, max-video-preview:-1\" \/>\n<link rel=\"canonical\" href=\"https:\/\/visitbegur.cat\/es\/cookies\/\" \/>\n<meta property=\"og:locale\" content=\"es_ES\" \/>\n<meta property=\"og:type\" content=\"article\" \/>\n<meta property=\"og:title\" content=\"Cookies - Visit Begur\" \/>\n<meta property=\"og:description\" content=\"Definici\u00f3 i funci\u00f3 de les Cookies Una cookie \u00e9s un fitxer que es descarrega al seu ordinador en accedir a determinats llocs web. Les cookies permeten, entre d\u2019altres coses, registrar l\u2019activitat de l\u2019usuari de manera an\u00f2nima a la p\u00e0gina web, aix\u00ed es poden recordar determinats par\u00e0metres i informaci\u00f3 amb l\u2019objectiu d\u2019analitzar les dades de l\u2019usuari, &hellip; Continuar leyendo &quot;Cookies&quot;\" \/>\n<meta property=\"og:url\" content=\"https:\/\/visitbegur.cat\/es\/cookies\/\" \/>\n<meta property=\"og:site_name\" content=\"Visit Begur\" \/>\n<meta property=\"article:modified_time\" content=\"2020-02-25T09:53:45+00:00\" \/>\n<meta name=\"twitter:card\" content=\"summary\" \/>\n<script type=\"application\/ld+json\" class=\"yoast-schema-graph\">{\"@context\":\"https:\/\/schema.org\",\"@graph\":[{\"@type\":\"WebSite\",\"@id\":\"https:\/\/visitbegur.cat\/#website\",\"url\":\"https:\/\/visitbegur.cat\/\",\"name\":\"Visit Begur\",\"description\":\"Otro sitio realizado con WordPress\",\"potentialAction\":[{\"@type\":\"SearchAction\",\"target\":{\"@type\":\"EntryPoint\",\"urlTemplate\":\"https:\/\/visitbegur.cat\/?s={search_term_string}\"},\"query-input\":\"required name=search_term_string\"}],\"inLanguage\":\"es\"},{\"@type\":\"WebPage\",\"@id\":\"https:\/\/visitbegur.cat\/es\/cookies\/#webpage\",\"url\":\"https:\/\/visitbegur.cat\/es\/cookies\/\",\"name\":\"Cookies - Visit Begur\",\"isPartOf\":{\"@id\":\"https:\/\/visitbegur.cat\/#website\"},\"datePublished\":\"2016-08-31T11:35:32+00:00\",\"dateModified\":\"2020-02-25T09:53:45+00:00\",\"breadcrumb\":{\"@id\":\"https:\/\/visitbegur.cat\/es\/cookies\/#breadcrumb\"},\"inLanguage\":\"es\",\"potentialAction\":[{\"@type\":\"ReadAction\",\"target\":[\"https:\/\/visitbegur.cat\/es\/cookies\/\"]}]},{\"@type\":\"BreadcrumbList\",\"@id\":\"https:\/\/visitbegur.cat\/es\/cookies\/#breadcrumb\",\"itemListElement\":[{\"@type\":\"ListItem\",\"position\":1,\"name\":\"Home\",\"item\":\"https:\/\/visitbegur.cat\/es\/\"},{\"@type\":\"ListItem\",\"position\":2,\"name\":\"Cookies\"}]}]}<\/script>\n<!-- \/ Yoast SEO plugin. -->","yoast_head_json":{"title":"Cookies - Visit Begur","robots":{"index":"index","follow":"follow","max-snippet":"max-snippet:-1","max-image-preview":"max-image-preview:large","max-video-preview":"max-video-preview:-1"},"canonical":"https:\/\/visitbegur.cat\/es\/cookies\/","og_locale":"es_ES","og_type":"article","og_title":"Cookies - Visit Begur","og_description":"Definici\u00f3 i funci\u00f3 de les Cookies Una cookie \u00e9s un fitxer que es descarrega al seu ordinador en accedir a determinats llocs web. Les cookies permeten, entre d\u2019altres coses, registrar l\u2019activitat de l\u2019usuari de manera an\u00f2nima a la p\u00e0gina web, aix\u00ed es poden recordar determinats par\u00e0metres i informaci\u00f3 amb l\u2019objectiu d\u2019analitzar les dades de l\u2019usuari, &hellip; Continuar leyendo \"Cookies\"","og_url":"https:\/\/visitbegur.cat\/es\/cookies\/","og_site_name":"Visit Begur","article_modified_time":"2020-02-25T09:53:45+00:00","twitter_card":"summary","schema":{"@context":"https:\/\/schema.org","@graph":[{"@type":"WebSite","@id":"https:\/\/visitbegur.cat\/#website","url":"https:\/\/visitbegur.cat\/","name":"Visit Begur","description":"Otro sitio realizado con WordPress","potentialAction":[{"@type":"SearchAction","target":{"@type":"EntryPoint","urlTemplate":"https:\/\/visitbegur.cat\/?s={search_term_string}"},"query-input":"required name=search_term_string"}],"inLanguage":"es"},{"@type":"WebPage","@id":"https:\/\/visitbegur.cat\/es\/cookies\/#webpage","url":"https:\/\/visitbegur.cat\/es\/cookies\/","name":"Cookies - Visit Begur","isPartOf":{"@id":"https:\/\/visitbegur.cat\/#website"},"datePublished":"2016-08-31T11:35:32+00:00","dateModified":"2020-02-25T09:53:45+00:00","breadcrumb":{"@id":"https:\/\/visitbegur.cat\/es\/cookies\/#breadcrumb"},"inLanguage":"es","potentialAction":[{"@type":"ReadAction","target":["https:\/\/visitbegur.cat\/es\/cookies\/"]}]},{"@type":"BreadcrumbList","@id":"https:\/\/visitbegur.cat\/es\/cookies\/#breadcrumb","itemListElement":[{"@type":"ListItem","position":1,"name":"Home","item":"https:\/\/visitbegur.cat\/es\/"},{"@type":"ListItem","position":2,"name":"Cookies"}]}]}},"_links":{"self":[{"href":"https:\/\/visitbegur.cat\/es\/wp-json\/wp\/v2\/pages\/1759"}],"collection":[{"href":"https:\/\/visitbegur.cat\/es\/wp-json\/wp\/v2\/pages"}],"about":[{"href":"https:\/\/visitbegur.cat\/es\/wp-json\/wp\/v2\/types\/page"}],"author":[{"embeddable":true,"href":"https:\/\/visitbegur.cat\/es\/wp-json\/wp\/v2\/users\/7"}],"replies":[{"embeddable":true,"href":"https:\/\/visitbegur.cat\/es\/wp-json\/wp\/v2\/comments?post=1759"}],"version-history":[{"count":1,"href":"https:\/\/visitbegur.cat\/es\/wp-json\/wp\/v2\/pages\/1759\/revisions"}],"predecessor-version":[{"id":12362,"href":"https:\/\/visitbegur.cat\/es\/wp-json\/wp\/v2\/pages\/1759\/revisions\/12362"}],"wp:attachment":[{"href":"https:\/\/visitbegur.cat\/es\/wp-json\/wp\/v2\/media?parent=1759"}],"curies":[{"name":"wp","href":"https:\/\/api.w.org\/{rel}","templated":true}]}}