{"id":1755,"date":"2016-08-31T11:36:33","date_gmt":"2016-08-31T11:36:33","guid":{"rendered":"http:\/\/visitbegur.cat\/nota-legal\/"},"modified":"2022-01-18T12:22:02","modified_gmt":"2022-01-18T12:22:02","slug":"nota-legal","status":"publish","type":"page","link":"https:\/\/visitbegur.cat\/es\/nota-legal\/","title":{"rendered":"Nota legal"},"content":{"rendered":"<p>Este sitio web y los dominios\u00a0<strong><a href=\"http:\/\/www.begur.cat\" target=\"_blank\" rel=\"noopener\">www.begur.cat<\/a><\/strong> i <strong><a href=\"http:\/\/www.firaindians.cat\" target=\"_blank\" rel=\"noopener\">www.firaindians.cat<\/a><\/strong> son propiedad del Ayuntamiento de Begur, con domicilio en la Pla\u00e7a de l\u2019Esgl\u00e9sia n\u00famero 8, c\u00f3digo postal 17255, de Begur, tel\u00e9fono + 34 972 62 40 20 y correo electr\u00f3nico\u00a0<strong><a href=\"mailto:begur@begur.cat\">begur@begur.cat<\/a><\/strong>. El CIF del Ayuntamiento de Begur es P-1701400-B.<\/p>\n<p>Los contenidos de este sitio, incluyendo los textos, im\u00e1genes, sonidos, bases de datos, c\u00f3digos y cualquier otro material, pertenecen al Ayuntamiento de Begur oa terceros que han autorizado su uso. El Ayuntamiento de Begur los presenta en su sitio con fines de informaci\u00f3n y para facilitar su relaci\u00f3n con las personas privadas y con el resto de administraciones p\u00fablicas.<\/p>\n<p>En consecuencia autoriza a los usuarios del sitio a utilizar estos contenidos con estas finalidades, almacenar la informaci\u00f3n en el disco duro de su ordenador ya imprimirla o copiarla en cualquier soporte. De forma general queda prohibida su utilizaci\u00f3n con fines comerciales, su comunicaci\u00f3n p\u00fablica o distribuci\u00f3n o cualquier otra forma de explotaci\u00f3n por cualquier procedimiento, as\u00ed como su transformaci\u00f3n o alteraci\u00f3n.<\/p>\n<p>El Ayuntamiento de Begur se reserva el derecho a iniciar las acciones legales oportunas para reparar los da\u00f1os y perjuicios causados por cualquier acto que vulnere los derechos de propiedad intelectual. No obstante, se recuerda que quedan excluidos de la protecci\u00f3n o de derechos de propiedad intelectual las disposiciones legales o reglamentarias o los textos correspondientes a actas, acuerdos, dict\u00e1menes o deliberaciones de los organismos p\u00fablicos a los que se pueda acceder desde este sitio.<\/p>\n<p>El escudo oficial del Ayuntamiento y otros dise\u00f1os y logotipos que identifican el Ayuntamiento o sus organismos, servicios o campa\u00f1as y actividades s\u00f3lo pueden ser utilizados con autorizaci\u00f3n o conocimiento previo del Ayuntamiento. En cualquier caso la utilizaci\u00f3n del escudo municipal est\u00e1 supeditada al abono de la Tasa por utilizaci\u00f3n de placas, patentes y otros distintivos an\u00e1logos en el escudo municipal.<\/p>\n<p>Queda totalmente prohibido modificar, copiar o distribuir el c\u00f3digo de las p\u00e1ginas, salvo que se cuente con autorizaci\u00f3n expresa y por escrito del Ayuntamiento de Begur.<\/p>\n<p>El usuario se compromete a utilizar este sitio sin incurrir en actividades que puedan ser consideradas il\u00edcitas o ilegales o que perjudiquen los derechos e intereses del Ayuntamiento de Begur o de terceros. El Ayuntamiento no ser\u00e1 responsable del mal uso que puedan hacer los usuarios.<\/p>\n<p>El Ayuntamiento de Begur cumplir\u00e1 de forma estricta la normativa vigente en cada momento sobre protecci\u00f3n de datos de car\u00e1cter personal y adoptar\u00e1 las medidas legalmente exigibles para la protecci\u00f3n de los datos de car\u00e1cter personal del usuario, preservando su privacidad y confidencialidad.<\/p>\n<p>El Ayuntamiento de Begur entiende que en el momento de rellenar los formularios que figuran en el sitio, el usuario se considera suficientemente informado de las finalidades de la recogida de sus datos personales y de las finalidades del tratamiento que se deriva . El usuario autoriza con este acto en el Ayuntamiento de Begur a tratar los datos para las finalidades expresadas en cada caso y, por tanto, autoriza a incorporar estos datos a los ficheros o tratamientos de acuerdo con lo que se establece en la Ley Org\u00e1nica 3\/2018, de 5 de diciembre, de protecci\u00f3n de datos personales y garant\u00eda de los derechos digitales (LOPDP).<\/p>\n<p>El usuario de la web que facilita datos de car\u00e1cter personal en el Ayuntamiento de Begur podr\u00e1 ejercer sus derechos de acceso, rectificaci\u00f3n, cancelaci\u00f3n y oposici\u00f3n, de acuerdo con lo establecido en la LOPDP, dirigi\u00e9ndose de cualquier forma o por cualquier medio al Ayuntamiento.<\/p>\n<p>El Ayuntamiento de Begur informa que este sitio web utiliza galletas (cookies) en algunos procesos internos de funcionamiento. Estas cookies permiten controlar los datos de navegaci\u00f3n del usuario al efecto de hacer m\u00e1s c\u00f3moda y r\u00e1pida la comunicaci\u00f3n que se establece entre \u00e9l y el sitio web del Ayuntamiento. La vigencia de estas galletas ser\u00e1 la estrictamente necesaria para la prestaci\u00f3n de los servicios ofrecidos desde el sitio web. En ning\u00fan caso se utilizan cookies para la adquisici\u00f3n de datos personales identificativos del usuario. El usuario tiene la posibilidad de configurar sus navegadores de Internet para obtener un mejor conocimiento y control de las galletas. Puede ser advertido previamente a su instalaci\u00f3n e impedirla si es su voluntad.<\/p>\n<p>El Ayuntamiento de Begur adopta las medidas y los mecanismos necesarios para garantizar la seguridad de las comunicaciones y las transacciones que se produzcan mediante la web, seg\u00fan el estado de la tecnolog\u00eda y de acuerdo con la tipolog\u00eda de las transacciones y servicios que se ponen a disposici\u00f3n de los usuarios.<\/p>\n<p>El Ayuntamiento de Begur no puede garantizar de forma absoluta que la web y el servidor est\u00e9n libres de virus y no se hace responsable de posibles da\u00f1os o perjuicios que se puedan derivar de interferencias, omisiones, interrupciones, virus inform\u00e1ticos, aver\u00edas o desconexiones en el funcionamiento operativo de este sistema electr\u00f3nico, motivados por causas ajenas al Ayuntamiento. Tampoco se hace responsable de los retrasos o bloqueos en el uso de este sistema electr\u00f3nico causados por deficiencias o sobrecargas de l\u00edneas telef\u00f3nicas o sobrecargas en el sistema de acceso a Internet o en otros sistemas electr\u00f3nicos, as\u00ed como de los da\u00f1os que puedan ser causados por terceras personas mediante intromisiones ileg\u00edtimas fuera del control del Ayuntamiento. No se garantiza la disponibilidad y continuidad permanente del funcionamiento de la web y de sus servicios. Cuando sea razonablemente posible, se advertir\u00e1 previamente de las interrupciones en el funcionamiento de la web y los servicios.<\/p>\n<p>El Ayuntamiento de Begur se reserva el derecho a modificar unilateralmente, en cualquier momento y sin aviso previo, la presentaci\u00f3n, configuraci\u00f3n y contenidos del web, as\u00ed como tambi\u00e9n la oferta de servicios y las condiciones que se requieren para utilizarlo.<\/p>\n<p>El Ayuntamiento de Begur no ser\u00e1 responsable de la informaci\u00f3n que se puede obtener a trav\u00e9s de enlaces incluidos en el sitio.<\/p>\n<p>No se autorizan presentaciones de los contenidos de este sitio en una ventana ajena al Ayuntamiento de Begur (framing).<br \/>\nEl uso de este sitio web implica la aceptaci\u00f3n plena y sin reservas de los t\u00e9rminos y condiciones contenidos en el presente aviso legal. Los posibles conflictos relativos a esta web se regir\u00e1n exclusivamente por el derecho del Estado espa\u00f1ol y de la Comunidad Aut\u00f3noma de Catalu\u00f1a. Toda persona usuaria de la web, independientemente de la jurisdicci\u00f3n territorial desde la que se produzca su acceso, acepta el cumplimiento y respeto de esta cl\u00e1usula con renuncia expresa a cualquier otro fuero que pudiera corresponderle.<\/p>\n","protected":false},"excerpt":{"rendered":"<p>Este sitio web y los dominios\u00a0www.begur.cat i www.firaindians.cat son propiedad del Ayuntamiento de Begur, con domicilio en la Pla\u00e7a de l\u2019Esgl\u00e9sia n\u00famero 8, c\u00f3digo postal 17255, de Begur, tel\u00e9fono + 34 972 62 40 20 y correo electr\u00f3nico\u00a0begur@begur.cat. El CIF del Ayuntamiento de Begur es P-1701400-B. Los contenidos de este sitio, incluyendo los textos, im\u00e1genes, &hellip; <a href=\"https:\/\/visitbegur.cat\/es\/nota-legal\/\" class=\"more-link\">Continuar leyendo<span class=\"screen-reader-text\"> \u00abNota legal\u00bb<\/span><\/a><\/p>\n","protected":false},"author":7,"featured_media":162,"parent":0,"menu_order":81,"comment_status":"closed","ping_status":"closed","template":"page-templates\/nota-legal.php","meta":[],"acf":[],"yoast_head":"<!-- This site is optimized with the Yoast SEO plugin v18.3 - https:\/\/yoast.com\/wordpress\/plugins\/seo\/ -->\n<title>Nota legal - Visit Begur<\/title>\n<meta name=\"robots\" content=\"index, follow, max-snippet:-1, max-image-preview:large, max-video-preview:-1\" \/>\n<link rel=\"canonical\" href=\"https:\/\/visitbegur.cat\/es\/nota-legal\/\" \/>\n<meta property=\"og:locale\" content=\"es_ES\" \/>\n<meta property=\"og:type\" content=\"article\" \/>\n<meta property=\"og:title\" content=\"Nota legal - Visit Begur\" \/>\n<meta property=\"og:description\" content=\"Este sitio web y los dominios\u00a0www.begur.cat i www.firaindians.cat son propiedad del Ayuntamiento de Begur, con domicilio en la Pla\u00e7a de l\u2019Esgl\u00e9sia n\u00famero 8, c\u00f3digo postal 17255, de Begur, tel\u00e9fono + 34 972 62 40 20 y correo electr\u00f3nico\u00a0begur@begur.cat. El CIF del Ayuntamiento de Begur es P-1701400-B. Los contenidos de este sitio, incluyendo los textos, im\u00e1genes, &hellip; Continuar leyendo &quot;Nota legal&quot;\" \/>\n<meta property=\"og:url\" content=\"https:\/\/visitbegur.cat\/es\/nota-legal\/\" \/>\n<meta property=\"og:site_name\" content=\"Visit Begur\" \/>\n<meta property=\"article:modified_time\" content=\"2022-01-18T12:22:02+00:00\" \/>\n<meta property=\"og:image\" content=\"https:\/\/visitbegur.cat\/wp-content\/uploads\/2016\/08\/img_cap04.jpg\" \/>\n\t<meta property=\"og:image:width\" content=\"1500\" \/>\n\t<meta property=\"og:image:height\" content=\"330\" \/>\n\t<meta property=\"og:image:type\" content=\"image\/jpeg\" \/>\n<meta name=\"twitter:card\" content=\"summary\" \/>\n<script type=\"application\/ld+json\" class=\"yoast-schema-graph\">{\"@context\":\"https:\/\/schema.org\",\"@graph\":[{\"@type\":\"WebSite\",\"@id\":\"https:\/\/visitbegur.cat\/#website\",\"url\":\"https:\/\/visitbegur.cat\/\",\"name\":\"Visit Begur\",\"description\":\"Otro sitio realizado con WordPress\",\"potentialAction\":[{\"@type\":\"SearchAction\",\"target\":{\"@type\":\"EntryPoint\",\"urlTemplate\":\"https:\/\/visitbegur.cat\/?s={search_term_string}\"},\"query-input\":\"required name=search_term_string\"}],\"inLanguage\":\"es\"},{\"@type\":\"ImageObject\",\"@id\":\"https:\/\/visitbegur.cat\/es\/nota-legal\/#primaryimage\",\"inLanguage\":\"es\",\"url\":\"https:\/\/visitbegur.cat\/wp-content\/uploads\/2016\/08\/img_cap04.jpg\",\"contentUrl\":\"https:\/\/visitbegur.cat\/wp-content\/uploads\/2016\/08\/img_cap04.jpg\",\"width\":1500,\"height\":330},{\"@type\":\"WebPage\",\"@id\":\"https:\/\/visitbegur.cat\/es\/nota-legal\/#webpage\",\"url\":\"https:\/\/visitbegur.cat\/es\/nota-legal\/\",\"name\":\"Nota legal - Visit Begur\",\"isPartOf\":{\"@id\":\"https:\/\/visitbegur.cat\/#website\"},\"primaryImageOfPage\":{\"@id\":\"https:\/\/visitbegur.cat\/es\/nota-legal\/#primaryimage\"},\"datePublished\":\"2016-08-31T11:36:33+00:00\",\"dateModified\":\"2022-01-18T12:22:02+00:00\",\"breadcrumb\":{\"@id\":\"https:\/\/visitbegur.cat\/es\/nota-legal\/#breadcrumb\"},\"inLanguage\":\"es\",\"potentialAction\":[{\"@type\":\"ReadAction\",\"target\":[\"https:\/\/visitbegur.cat\/es\/nota-legal\/\"]}]},{\"@type\":\"BreadcrumbList\",\"@id\":\"https:\/\/visitbegur.cat\/es\/nota-legal\/#breadcrumb\",\"itemListElement\":[{\"@type\":\"ListItem\",\"position\":1,\"name\":\"Home\",\"item\":\"https:\/\/visitbegur.cat\/es\/\"},{\"@type\":\"ListItem\",\"position\":2,\"name\":\"Nota legal\"}]}]}<\/script>\n<!-- \/ Yoast SEO plugin. -->","yoast_head_json":{"title":"Nota legal - Visit Begur","robots":{"index":"index","follow":"follow","max-snippet":"max-snippet:-1","max-image-preview":"max-image-preview:large","max-video-preview":"max-video-preview:-1"},"canonical":"https:\/\/visitbegur.cat\/es\/nota-legal\/","og_locale":"es_ES","og_type":"article","og_title":"Nota legal - Visit Begur","og_description":"Este sitio web y los dominios\u00a0www.begur.cat i www.firaindians.cat son propiedad del Ayuntamiento de Begur, con domicilio en la Pla\u00e7a de l\u2019Esgl\u00e9sia n\u00famero 8, c\u00f3digo postal 17255, de Begur, tel\u00e9fono + 34 972 62 40 20 y correo electr\u00f3nico\u00a0begur@begur.cat. El CIF del Ayuntamiento de Begur es P-1701400-B. Los contenidos de este sitio, incluyendo los textos, im\u00e1genes, &hellip; Continuar leyendo \"Nota legal\"","og_url":"https:\/\/visitbegur.cat\/es\/nota-legal\/","og_site_name":"Visit Begur","article_modified_time":"2022-01-18T12:22:02+00:00","og_image":[{"width":1500,"height":330,"url":"https:\/\/visitbegur.cat\/wp-content\/uploads\/2016\/08\/img_cap04.jpg","type":"image\/jpeg"}],"twitter_card":"summary","schema":{"@context":"https:\/\/schema.org","@graph":[{"@type":"WebSite","@id":"https:\/\/visitbegur.cat\/#website","url":"https:\/\/visitbegur.cat\/","name":"Visit Begur","description":"Otro sitio realizado con WordPress","potentialAction":[{"@type":"SearchAction","target":{"@type":"EntryPoint","urlTemplate":"https:\/\/visitbegur.cat\/?s={search_term_string}"},"query-input":"required name=search_term_string"}],"inLanguage":"es"},{"@type":"ImageObject","@id":"https:\/\/visitbegur.cat\/es\/nota-legal\/#primaryimage","inLanguage":"es","url":"https:\/\/visitbegur.cat\/wp-content\/uploads\/2016\/08\/img_cap04.jpg","contentUrl":"https:\/\/visitbegur.cat\/wp-content\/uploads\/2016\/08\/img_cap04.jpg","width":1500,"height":330},{"@type":"WebPage","@id":"https:\/\/visitbegur.cat\/es\/nota-legal\/#webpage","url":"https:\/\/visitbegur.cat\/es\/nota-legal\/","name":"Nota legal - Visit Begur","isPartOf":{"@id":"https:\/\/visitbegur.cat\/#website"},"primaryImageOfPage":{"@id":"https:\/\/visitbegur.cat\/es\/nota-legal\/#primaryimage"},"datePublished":"2016-08-31T11:36:33+00:00","dateModified":"2022-01-18T12:22:02+00:00","breadcrumb":{"@id":"https:\/\/visitbegur.cat\/es\/nota-legal\/#breadcrumb"},"inLanguage":"es","potentialAction":[{"@type":"ReadAction","target":["https:\/\/visitbegur.cat\/es\/nota-legal\/"]}]},{"@type":"BreadcrumbList","@id":"https:\/\/visitbegur.cat\/es\/nota-legal\/#breadcrumb","itemListElement":[{"@type":"ListItem","position":1,"name":"Home","item":"https:\/\/visitbegur.cat\/es\/"},{"@type":"ListItem","position":2,"name":"Nota legal"}]}]}},"_links":{"self":[{"href":"https:\/\/visitbegur.cat\/es\/wp-json\/wp\/v2\/pages\/1755"}],"collection":[{"href":"https:\/\/visitbegur.cat\/es\/wp-json\/wp\/v2\/pages"}],"about":[{"href":"https:\/\/visitbegur.cat\/es\/wp-json\/wp\/v2\/types\/page"}],"author":[{"embeddable":true,"href":"https:\/\/visitbegur.cat\/es\/wp-json\/wp\/v2\/users\/7"}],"replies":[{"embeddable":true,"href":"https:\/\/visitbegur.cat\/es\/wp-json\/wp\/v2\/comments?post=1755"}],"version-history":[{"count":5,"href":"https:\/\/visitbegur.cat\/es\/wp-json\/wp\/v2\/pages\/1755\/revisions"}],"predecessor-version":[{"id":19830,"href":"https:\/\/visitbegur.cat\/es\/wp-json\/wp\/v2\/pages\/1755\/revisions\/19830"}],"wp:featuredmedia":[{"embeddable":true,"href":"https:\/\/visitbegur.cat\/es\/wp-json\/wp\/v2\/media\/162"}],"wp:attachment":[{"href":"https:\/\/visitbegur.cat\/es\/wp-json\/wp\/v2\/media?parent=1755"}],"curies":[{"name":"wp","href":"https:\/\/api.w.org\/{rel}","templated":true}]}}