{"id":1734,"date":"2016-09-14T08:34:30","date_gmt":"2016-09-14T08:34:30","guid":{"rendered":"http:\/\/visitbegur.cat\/sobre-nosaltres\/"},"modified":"2024-02-10T12:43:20","modified_gmt":"2024-02-10T12:43:20","slug":"sobre-nosotros","status":"publish","type":"page","link":"https:\/\/visitbegur.cat\/es\/sobre-nosotros\/","title":{"rendered":"Sobre nosotros"},"content":{"rendered":"<div id=\"pl-1734\"  class=\"panel-layout\" ><div id=\"pg-1734-0\"  class=\"panel-grid panel-no-style\" ><div id=\"pgc-1734-0-0\"  class=\"panel-grid-cell\" ><div id=\"panel-1734-0-0-0\" class=\"so-panel widget widget_sow-slider panel-first-child panel-last-child\" data-index=\"0\" ><div class=\"so-widget-sow-slider so-widget-sow-slider-default-0c1369c4c991\"><div class=\"sow-slider-base \" style=\"display: none\"><ul class=\"sow-slider-images\" data-settings=\"{&quot;pagination&quot;:true,&quot;speed&quot;:800,&quot;timeout&quot;:8000,&quot;paused&quot;:false,&quot;pause_on_hover&quot;:false,&quot;swipe&quot;:true,&quot;nav_always_show_mobile&quot;:&quot;&quot;,&quot;breakpoint&quot;:&quot;780px&quot;}\">\t\t<li class=\"sow-slider-image  sow-slider-image-cover\" style=\"background-image: url(https:\/\/visitbegur.cat\/wp-content\/uploads\/2016\/08\/platjafonda_vertical2.jpg)\" >\n\t\t\t\t\t\t\t\t\t<img width=\"302\" height=\"201\" src=\"https:\/\/visitbegur.cat\/wp-content\/uploads\/2016\/08\/platjafonda_vertical2.jpg\" class=\"sow-slider-background-image\" alt=\"\" loading=\"eager\" srcset=\"https:\/\/visitbegur.cat\/wp-content\/uploads\/2016\/08\/platjafonda_vertical2.jpg 302w, https:\/\/visitbegur.cat\/wp-content\/uploads\/2016\/08\/platjafonda_vertical2-300x200.jpg 300w\" sizes=\"(max-width: 302px) 85vw, 302px\" \/>\t\t\t\t\t\t\t\t<\/li>\n\t\t\t\t<li class=\"sow-slider-image  sow-slider-image-cover\" style=\"background-image: url(https:\/\/visitbegur.cat\/wp-content\/uploads\/2016\/08\/sariera_vertical2.jpg)\" >\n\t\t\t\t\t\t\t\t\t<img width=\"302\" height=\"201\" src=\"https:\/\/visitbegur.cat\/wp-content\/uploads\/2016\/08\/sariera_vertical2.jpg\" class=\"sow-slider-background-image\" alt=\"\" loading=\"eager\" srcset=\"https:\/\/visitbegur.cat\/wp-content\/uploads\/2016\/08\/sariera_vertical2.jpg 302w, https:\/\/visitbegur.cat\/wp-content\/uploads\/2016\/08\/sariera_vertical2-300x200.jpg 300w\" sizes=\"(max-width: 302px) 85vw, 302px\" \/>\t\t\t\t\t\t\t\t<\/li>\n\t\t<\/ul>\t\t\t\t<ol class=\"sow-slider-pagination\">\n\t\t\t\t\t\t\t\t\t\t\t<li><a href=\"#\" data-goto=\"0\" aria-label=\"mostrar diapositiva 1\"><\/a><\/li>\n\t\t\t\t\t\t\t\t\t\t\t<li><a href=\"#\" data-goto=\"1\" aria-label=\"mostrar diapositiva 2\"><\/a><\/li>\n\t\t\t\t\t\t\t\t\t<\/ol>\n\n\t\t\t\t<div class=\"sow-slide-nav sow-slide-nav-next\">\n\t\t\t\t\t<a href=\"#\" data-goto=\"next\" aria-label=\"diapositiva siguiente\" data-action=\"next\">\n\t\t\t\t\t\t<em class=\"sow-sld-icon-thin-right\"><\/em>\n\t\t\t\t\t<\/a>\n\t\t\t\t<\/div>\n\n\t\t\t\t<div class=\"sow-slide-nav sow-slide-nav-prev\">\n\t\t\t\t\t<a href=\"#\" data-goto=\"previous\" aria-label=\"diapositiva anterior\" data-action=\"prev\">\n\t\t\t\t\t\t<em class=\"sow-sld-icon-thin-left\"><\/em>\n\t\t\t\t\t<\/a>\n\t\t\t\t<\/div>\n\t\t\t\t<\/div><\/div><\/div><\/div><div id=\"pgc-1734-0-1\"  class=\"panel-grid-cell\" ><div id=\"panel-1734-0-1-0\" class=\"so-panel widget widget_sow-editor panel-first-child panel-last-child\" data-index=\"1\" ><div class=\"so-widget-sow-editor so-widget-sow-editor-base\"><h3 class=\"widget-title\">Oficina de Turismo<\/h3>\n<div class=\"siteorigin-widget-tinymce textwidget\">\n\t<p>Nuestra oficina se encuentra ubicada en el centro del pueblo, en la avenida Once de Septiembre. Se caracteriza por el patio exterior de ambiente c\u00e1lido y donde tambi\u00e9n se pueden encontrar otros servicios como son WC p\u00fablicos, entre otros.<br \/>\nLa oficina ofrece un servicio de atenci\u00f3n personalizado y muy cuidadoso al visitante, y dispone de un punto de conexi\u00f3n a Internet e impresi\u00f3n.<\/p>\n<\/div>\n<\/div><\/div><\/div><\/div><div id=\"pg-1734-1\"  class=\"panel-grid panel-no-style\" ><div id=\"pgc-1734-1-0\"  class=\"panel-grid-cell\" ><div id=\"panel-1734-1-0-0\" class=\"so-panel widget widget_sow-editor panel-first-child panel-last-child\" data-index=\"2\" ><div class=\"so-widget-sow-editor so-widget-sow-editor-base\"><h3 class=\"widget-title\">HORARIO JULIO Y AGOSTO<\/h3>\n<div class=\"siteorigin-widget-tinymce textwidget\">\n\t<p><strong>De lunes a viernes:<\/strong><br \/>\n9 - 21 h<\/p>\n<p><strong>S\u00e0bados y domingos:<\/strong><br \/>\n10 \u2013 21 h<\/p>\n<\/div>\n<\/div><\/div><\/div><div id=\"pgc-1734-1-1\"  class=\"panel-grid-cell\" ><div id=\"panel-1734-1-1-0\" class=\"so-panel widget widget_sow-image panel-first-child panel-last-child\" data-index=\"3\" ><div class=\"so-widget-sow-image so-widget-sow-image-default-17bc2272b535\">\n\n<div class=\"sow-image-container\">\n\t<img src=\"https:\/\/visitbegur.cat\/wp-content\/uploads\/2017\/02\/quefer_agenda_img.jpg\" width=\"881\" height=\"496\" srcset=\"https:\/\/visitbegur.cat\/wp-content\/uploads\/2017\/02\/quefer_agenda_img.jpg 881w, https:\/\/visitbegur.cat\/wp-content\/uploads\/2017\/02\/quefer_agenda_img-300x169.jpg 300w, https:\/\/visitbegur.cat\/wp-content\/uploads\/2017\/02\/quefer_agenda_img-768x432.jpg 768w\" sizes=\"(max-width: 709px) 85vw, (max-width: 909px) 67vw, (max-width: 1362px) 62vw, 840px\" alt=\"\" \t\tclass=\"so-widget-image\"\/>\n<\/div>\n\n<\/div><\/div><\/div><div id=\"pgc-1734-1-2\"  class=\"panel-grid-cell\" ><div id=\"panel-1734-1-2-0\" class=\"so-panel widget widget_sow-editor panel-first-child panel-last-child\" data-index=\"4\" ><div class=\"so-widget-sow-editor so-widget-sow-editor-base\"><h3 class=\"widget-title\">HORARIO SEPTIEMBRE<\/h3>\n<div class=\"siteorigin-widget-tinymce textwidget\">\n\t<p><strong>De lunes a viernes:<\/strong><br \/>\n9 \u2013 14 h<br \/>\n16 \u201320 h<\/p>\n<p><strong>S\u00e1bados:\u00a0 <\/strong>10 - 14 h y 16 - 20 h<\/p>\n<p><strong>Domingos y festivos:<\/strong> 10 \u2013 14 h<\/p>\n<\/div>\n<\/div><\/div><\/div><\/div><div id=\"pg-1734-2\"  class=\"panel-grid panel-no-style\" ><div id=\"pgc-1734-2-0\"  class=\"panel-grid-cell\" ><div id=\"panel-1734-2-0-0\" class=\"so-panel widget widget_sow-editor panel-first-child panel-last-child\" data-index=\"5\" ><div class=\"so-widget-sow-editor so-widget-sow-editor-base\"><h3 class=\"widget-title\">HORARIO DE NOVIEMBRE A ABRIL<\/h3>\n<div class=\"siteorigin-widget-tinymce textwidget\">\n\t<p><strong>De lunes a viernes:<\/strong> 9 \u2013 14 h<br \/>\n<strong>S\u00e1bados y festivos:<\/strong> 10 \u2013 14 h<\/p>\n<\/div>\n<\/div><\/div><\/div><div id=\"pgc-1734-2-1\"  class=\"panel-grid-cell\" ><div id=\"panel-1734-2-1-0\" class=\"so-panel widget widget_sow-editor panel-first-child panel-last-child\" data-index=\"6\" ><div class=\"so-widget-sow-editor so-widget-sow-editor-base\"><h3 class=\"widget-title\">HORARIO MAYO, JUNIO Y OCTUBRE<\/h3>\n<div class=\"siteorigin-widget-tinymce textwidget\">\n\t<p><strong>De lunes a viernes:<\/strong><br \/>\n9 \u2013 14 h<br \/>\n16 \u2013 19 h<\/p>\n<p><strong>S\u00e1bados:<\/strong><br \/>\n10 \u2013 14 h<br \/>\n16 \u2013 19 h<\/p>\n<p style=\"text-align: left;\"><strong>Domingos:<\/strong><\/p>\n<p style=\"text-align: left;\">10 \u2013 14 h<\/p>\n<\/div>\n<\/div><\/div><\/div><\/div><\/div>","protected":false},"excerpt":{"rendered":"<p>Nuestra oficina se encuentra ubicada en el centro del pueblo, en la avenida Once de Septiembre. Se caracteriza por el patio exterior de ambiente c\u00e1lido y donde tambi\u00e9n se pueden encontrar otros servicios como son WC p\u00fablicos, entre otros. La oficina ofrece un servicio de atenci\u00f3n personalizado y muy cuidadoso al visitante, y dispone de &hellip; <a href=\"https:\/\/visitbegur.cat\/es\/sobre-nosotros\/\" class=\"more-link\">Continuar leyendo<span class=\"screen-reader-text\"> \u00abSobre nosotros\u00bb<\/span><\/a><\/p>\n","protected":false},"author":7,"featured_media":0,"parent":0,"menu_order":45,"comment_status":"closed","ping_status":"closed","template":"page-templates\/about-us.php","meta":[],"acf":[],"yoast_head":"<!-- This site is optimized with the Yoast SEO plugin v18.3 - https:\/\/yoast.com\/wordpress\/plugins\/seo\/ -->\n<title>Sobre nosotros - Visit Begur<\/title>\n<meta name=\"robots\" content=\"index, follow, max-snippet:-1, max-image-preview:large, max-video-preview:-1\" \/>\n<link rel=\"canonical\" href=\"https:\/\/visitbegur.cat\/es\/sobre-nosotros\/\" \/>\n<meta property=\"og:locale\" content=\"es_ES\" \/>\n<meta property=\"og:type\" content=\"article\" \/>\n<meta property=\"og:title\" content=\"Sobre nosotros - Visit Begur\" \/>\n<meta property=\"og:description\" content=\"Nuestra oficina se encuentra ubicada en el centro del pueblo, en la avenida Once de Septiembre. Se caracteriza por el patio exterior de ambiente c\u00e1lido y donde tambi\u00e9n se pueden encontrar otros servicios como son WC p\u00fablicos, entre otros. La oficina ofrece un servicio de atenci\u00f3n personalizado y muy cuidadoso al visitante, y dispone de &hellip; Continuar leyendo &quot;Sobre nosotros&quot;\" \/>\n<meta property=\"og:url\" content=\"https:\/\/visitbegur.cat\/es\/sobre-nosotros\/\" \/>\n<meta property=\"og:site_name\" content=\"Visit Begur\" \/>\n<meta property=\"article:modified_time\" content=\"2024-02-10T12:43:20+00:00\" \/>\n<meta name=\"twitter:card\" content=\"summary\" \/>\n<script type=\"application\/ld+json\" class=\"yoast-schema-graph\">{\"@context\":\"https:\/\/schema.org\",\"@graph\":[{\"@type\":\"WebSite\",\"@id\":\"https:\/\/visitbegur.cat\/#website\",\"url\":\"https:\/\/visitbegur.cat\/\",\"name\":\"Visit Begur\",\"description\":\"Otro sitio realizado con WordPress\",\"potentialAction\":[{\"@type\":\"SearchAction\",\"target\":{\"@type\":\"EntryPoint\",\"urlTemplate\":\"https:\/\/visitbegur.cat\/?s={search_term_string}\"},\"query-input\":\"required name=search_term_string\"}],\"inLanguage\":\"es\"},{\"@type\":\"WebPage\",\"@id\":\"https:\/\/visitbegur.cat\/es\/sobre-nosotros\/#webpage\",\"url\":\"https:\/\/visitbegur.cat\/es\/sobre-nosotros\/\",\"name\":\"Sobre nosotros - Visit Begur\",\"isPartOf\":{\"@id\":\"https:\/\/visitbegur.cat\/#website\"},\"datePublished\":\"2016-09-14T08:34:30+00:00\",\"dateModified\":\"2024-02-10T12:43:20+00:00\",\"breadcrumb\":{\"@id\":\"https:\/\/visitbegur.cat\/es\/sobre-nosotros\/#breadcrumb\"},\"inLanguage\":\"es\",\"potentialAction\":[{\"@type\":\"ReadAction\",\"target\":[\"https:\/\/visitbegur.cat\/es\/sobre-nosotros\/\"]}]},{\"@type\":\"BreadcrumbList\",\"@id\":\"https:\/\/visitbegur.cat\/es\/sobre-nosotros\/#breadcrumb\",\"itemListElement\":[{\"@type\":\"ListItem\",\"position\":1,\"name\":\"Home\",\"item\":\"https:\/\/visitbegur.cat\/es\/\"},{\"@type\":\"ListItem\",\"position\":2,\"name\":\"Sobre nosotros\"}]}]}<\/script>\n<!-- \/ Yoast SEO plugin. -->","yoast_head_json":{"title":"Sobre nosotros - Visit Begur","robots":{"index":"index","follow":"follow","max-snippet":"max-snippet:-1","max-image-preview":"max-image-preview:large","max-video-preview":"max-video-preview:-1"},"canonical":"https:\/\/visitbegur.cat\/es\/sobre-nosotros\/","og_locale":"es_ES","og_type":"article","og_title":"Sobre nosotros - Visit Begur","og_description":"Nuestra oficina se encuentra ubicada en el centro del pueblo, en la avenida Once de Septiembre. Se caracteriza por el patio exterior de ambiente c\u00e1lido y donde tambi\u00e9n se pueden encontrar otros servicios como son WC p\u00fablicos, entre otros. La oficina ofrece un servicio de atenci\u00f3n personalizado y muy cuidadoso al visitante, y dispone de &hellip; Continuar leyendo \"Sobre nosotros\"","og_url":"https:\/\/visitbegur.cat\/es\/sobre-nosotros\/","og_site_name":"Visit Begur","article_modified_time":"2024-02-10T12:43:20+00:00","twitter_card":"summary","schema":{"@context":"https:\/\/schema.org","@graph":[{"@type":"WebSite","@id":"https:\/\/visitbegur.cat\/#website","url":"https:\/\/visitbegur.cat\/","name":"Visit Begur","description":"Otro sitio realizado con WordPress","potentialAction":[{"@type":"SearchAction","target":{"@type":"EntryPoint","urlTemplate":"https:\/\/visitbegur.cat\/?s={search_term_string}"},"query-input":"required name=search_term_string"}],"inLanguage":"es"},{"@type":"WebPage","@id":"https:\/\/visitbegur.cat\/es\/sobre-nosotros\/#webpage","url":"https:\/\/visitbegur.cat\/es\/sobre-nosotros\/","name":"Sobre nosotros - Visit Begur","isPartOf":{"@id":"https:\/\/visitbegur.cat\/#website"},"datePublished":"2016-09-14T08:34:30+00:00","dateModified":"2024-02-10T12:43:20+00:00","breadcrumb":{"@id":"https:\/\/visitbegur.cat\/es\/sobre-nosotros\/#breadcrumb"},"inLanguage":"es","potentialAction":[{"@type":"ReadAction","target":["https:\/\/visitbegur.cat\/es\/sobre-nosotros\/"]}]},{"@type":"BreadcrumbList","@id":"https:\/\/visitbegur.cat\/es\/sobre-nosotros\/#breadcrumb","itemListElement":[{"@type":"ListItem","position":1,"name":"Home","item":"https:\/\/visitbegur.cat\/es\/"},{"@type":"ListItem","position":2,"name":"Sobre nosotros"}]}]}},"_links":{"self":[{"href":"https:\/\/visitbegur.cat\/es\/wp-json\/wp\/v2\/pages\/1734"}],"collection":[{"href":"https:\/\/visitbegur.cat\/es\/wp-json\/wp\/v2\/pages"}],"about":[{"href":"https:\/\/visitbegur.cat\/es\/wp-json\/wp\/v2\/types\/page"}],"author":[{"embeddable":true,"href":"https:\/\/visitbegur.cat\/es\/wp-json\/wp\/v2\/users\/7"}],"replies":[{"embeddable":true,"href":"https:\/\/visitbegur.cat\/es\/wp-json\/wp\/v2\/comments?post=1734"}],"version-history":[{"count":5,"href":"https:\/\/visitbegur.cat\/es\/wp-json\/wp\/v2\/pages\/1734\/revisions"}],"predecessor-version":[{"id":30939,"href":"https:\/\/visitbegur.cat\/es\/wp-json\/wp\/v2\/pages\/1734\/revisions\/30939"}],"wp:attachment":[{"href":"https:\/\/visitbegur.cat\/es\/wp-json\/wp\/v2\/media?parent=1734"}],"curies":[{"name":"wp","href":"https:\/\/api.w.org\/{rel}","templated":true}]}}