{"id":12372,"date":"2020-02-25T10:16:37","date_gmt":"2020-02-25T10:16:37","guid":{"rendered":"https:\/\/visitbegur.cat\/politica-de-privacitat\/"},"modified":"2020-02-25T12:05:24","modified_gmt":"2020-02-25T12:05:24","slug":"politica-de-privacidad","status":"publish","type":"page","link":"https:\/\/visitbegur.cat\/es\/politica-de-privacidad\/","title":{"rendered":"Pol\u00edtica de privacidad"},"content":{"rendered":"<div id=\"pl-12363\"  class=\"panel-layout\" >\n<div id=\"pg-12363-0\"  class=\"panel-grid panel-no-style\"  data-style=\"{&quot;background_display&quot;:&quot;tile&quot;,&quot;cell_alignment&quot;:&quot;flex-start&quot;}\" >\n<div id=\"pgc-12363-0-0\"  class=\"panel-grid-cell\"  data-weight=\"1\" >\n<div id=\"panel-12363-0-0-0\" class=\"so-panel widget widget_text panel-first-child panel-last-child\" data-index=\"0\" data-style=\"{&quot;background_display&quot;:&quot;tile&quot;}\" >\n<div class=\"textwidget\">L\u2019objecte d\u2019aquesta pol\u00edtica \u00e9s regular el tractament de dades que realitza l\u2019Ajuntament de Begur de les dades que pugui recollir en el seu portal web.<\/div>\n<\/p><\/div>\n<\/div>\n<\/div>\n<div id=\"pg-12363-1\"  class=\"panel-grid panel-no-style\"  data-style=\"{&quot;background_image_attachment&quot;:false,&quot;background_display&quot;:&quot;tile&quot;,&quot;bottom_margin&quot;:&quot;50px&quot;,&quot;cell_alignment&quot;:&quot;flex-start&quot;}\" >\n<div id=\"pgc-12363-1-0\"  class=\"panel-grid-cell\"  data-weight=\"0.5\" >\n<div id=\"panel-12363-1-0-0\" class=\"so-panel widget widget_sow-editor panel-first-child\" data-index=\"1\" data-style=\"{&quot;background_display&quot;:&quot;tile&quot;}\" >\n<div class=\"so-widget-sow-editor so-widget-sow-editor-base\">\n<h3 class=\"widget-title\">1.- Identitat del responsable de tractament<\/h3>\n<div class=\"siteorigin-widget-tinymce textwidget\">\n<p>El responsable del tractament de les dades personals recollides als portals web corporatius de <a href=\"http:\/\/www.begur.cat\">www.begur.cat<\/a> i <a href=\"http:\/\/www.visitbegur.cat\">www.visitbegur.cat<\/a> \u00e9s:<\/p>\n<p style=\"padding-left: 30px;\">AJUNTAMENT DE BEGUR<\/p>\n<p style=\"padding-left: 30px;\">Pla\u00e7a de l\u2019Esgl\u00e9sia, n\u00ba 8<\/p>\n<p style=\"padding-left: 30px;\">17255 Begur (Girona)<\/p>\n<p style=\"padding-left: 30px;\">CIF: P1701400B<\/p>\n<\/div>\n<\/div>\n<\/div>\n<div id=\"panel-12363-1-0-1\" class=\"so-panel widget widget_sow-editor panel-last-child\" data-index=\"2\" data-style=\"{&quot;background_display&quot;:&quot;tile&quot;}\" >\n<div class=\"so-widget-sow-editor so-widget-sow-editor-base\">\n<h3 class=\"widget-title\">2.- Finalitat dels tractaments de dades. <\/h3>\n<div class=\"siteorigin-widget-tinymce textwidget\">\n\tLes dades subministrades a l\u2019Ajuntament de Begur per diferents mitjans, formularis de contacte, enquestes o procediments utilitzats durant la recollida es realitza d&#8217;acord amb la legislaci\u00f3 vigent en mat\u00e8ria de protecci\u00f3 de dades i amb l\u2019\u00fanica finalitat de prestar el servei que es sol\u00b7licita.<\/p>\n<p>En cadascun d&#8217;aquests mitjans informem detalladament de la finalitat del tractament de les dades que es duen a terme \u00fanicament i exclusivament si s\u2019ha autoritzat aquest tractament.<\/p>\n<p>A continuaci\u00f3 es detalla la informaci\u00f3 relativa a les diferents finalitats per a les quals podem recollir les seves dades.<\/p>\n<table class=\"privacitat\">\n<tbody>\n<tr>\n<th>Tractament<\/th>\n<th>Perqu\u00e8 es fan servir les dades<\/th>\n<\/tr>\n<tr>\n<td>Prestaci\u00f3 de serveis i tr\u00e0mits municipals<\/td>\n<td>Es tractar\u00e0 la informaci\u00f3 per a la gesti\u00f3 del tr\u00e0mit o servei que s\u2019hagi sol\u00b7licitat. Les dades podran ser cedides a tercers en el cas que el servei ho requereixi i per donar compliment a les compet\u00e8ncies de l\u2019Ajuntament.<\/td>\n<\/tr>\n<tr>\n<td>Subscripcions<\/td>\n<td>Es remetr\u00e0 informaci\u00f3 dels serveis i activitats de l\u2019Ajuntament. Les dades no seran cedides a tercers.<\/td>\n<\/tr>\n<tr>\n<td>Activitats<\/td>\n<td>Tractarem les dades per a la gesti\u00f3 de les activitats, cursos, tallers&#8230; organitzats per l\u2019Ajuntament. Les dades no seran cedides a tercers.<\/td>\n<\/tr>\n<tr>\n<td>Participaci\u00f3 Ciutadana<\/td>\n<td>Tractarem les dades per a la gesti\u00f3 del proc\u00e9s de participaci\u00f3 ciutadana i per donar resposta a les propostes i q\u00fcestions que es plantegin. Les dades no seran cedides a tercers.<\/td>\n<\/tr>\n<tr>\n<td>B\u00fastia de contacte, queixes o suggeriments<\/td>\n<td>Tractarem les dades per contestar les diferents sol\u00b7licituds, q\u00fcestions o dubtes plantejats. Les dades no seran cedides a tercers<\/td>\n<\/tr>\n<tr>\n<td>V\u00eddeo vigil\u00e0ncia<\/td>\n<td>Les dades s\u00f3n tractades per al control de tr\u00e0nsit en diferents punts als accessos del municipi.<\/td>\n<\/tr>\n<\/tbody>\n<\/table>\n<p>El temps de conservaci\u00f3 de les dades ve determinat per l\u2019an\u00e0lisi de riscos de cadascun dels tractaments en relaci\u00f3 amb el Quadre de Classificaci\u00f3 Documental aprovat per l\u2019Ajuntament. En qualsevol cas el temps de conservaci\u00f3 de les seves dades vindr\u00e0 delimitat pel servei que sol\u00b7liciti, podent conservar-se com a part del procediment administratiu segons estableix la legislaci\u00f3, dins de l\u2019\u00e0mbit de les obligacions i compet\u00e8ncies municipals.<\/p>\n<p>\u00danicament es tractaran les dades que hagi lliurat per a la finalitat que se es va informar i es va autoritzar. No es realitza tractament per part de tercers de les dades i no se cediran les dades a tercers excepte que s\u2019hagi autoritzat expressament o hagi una habilitaci\u00f3 legal.<\/p>\n<p>La base legal per al tractament de les seves dades \u00e9s l&#8217;execuci\u00f3 de les compet\u00e8ncies de l\u2019Ajuntament i portar a terme els serveis que ens ha sol\u00b7licitat.<\/p>\n<p>En cap cas es duran a terme decisions automatitzades a partir de les seves dades.<\/p>\n<p>L\u2019usuari subministra les seves dades de forma volunt\u00e0ria en tot moment i essent informat de l\u2019\u00fas i el tractament que se\u2019n fa. Tota la informaci\u00f3 que facilita l\u2019usuari ha de ser vera\u00e7. L\u2019usuari \u00e9s l\u2019\u00fanic responsable de les manifestacions falses o inexactes que realitzi i del perjudicis que causi a l\u2019Ajuntament o a tercers. L\u2019Ajuntament es reserva el dret a excloure dels serveis a tot usuari que hagi facilitat dades falses, sense perjudici de les altres accions que procedeixin en Dret.<\/p><\/div>\n<\/div>\n<\/div>\n<\/div>\n<div id=\"pgc-12363-1-1\"  class=\"panel-grid-cell\"  data-weight=\"0.5\" >\n<div id=\"panel-12363-1-1-0\" class=\"so-panel widget widget_sow-editor panel-first-child\" data-index=\"3\" data-style=\"{&quot;background_display&quot;:&quot;tile&quot;}\" >\n<div class=\"so-widget-sow-editor so-widget-sow-editor-base\">\n<h3 class=\"widget-title\">3.- Drets dels afectats<\/h3>\n<div class=\"siteorigin-widget-tinymce textwidget\">\n<p>En qualsevol moment es podr\u00e0 sol\u00b7licitar i obtenir informaci\u00f3 de com i per a qu\u00e8 l\u2019Ajuntament est\u00e0 tractant les dades:<\/p>\n<ul>\n<li>Accedir a les dades: sol\u00b7licitar quines dades t\u00e9 l\u2019Ajuntament i quin \u00fas es fa, i exercir el dret de portabilitat, si s\u2019escau.<\/li>\n<li>Rectificar les dades: sol\u00b7licitar la modificaci\u00f3 o rectificaci\u00f3 de les dades inexactes.<\/li>\n<li>Suprimir les dades: sol\u00b7licitar que les dades siguin eliminades i no es faci tractament d&#8217;elles, fora del que la normativa exigeixi conservar.<\/li>\n<li>Limitar el tractament: sol\u00b7licitar un \u00fas restringit de les dades d\u2019acord amb els seus requeriments.<\/li>\n<li>Oposar-se a un tractament: que no es faci un \u00fas concret de les dades, fora del que la normativa exigeixi<\/li>\n<\/ul>\n<p>Per aix\u00f2 es pot dirigir un escrit indicant quin dret es vol exercir (Acc\u00e9s, Rectificaci\u00f3, Supressi\u00f3, Oposici\u00f3 o Portabilitat de les dades) o b\u00e9 per mitjans electr\u00f2nics <a href=\"https:\/\/begur.eadministracio.cat\">https:\/\/begur.eadministracio.cat<\/a> o b\u00e9 presencialment a l\u2019Ajuntament de Begur, Pl. de l\u2019Esgl\u00e9sia, n\u00ba 8 &#8211; 17255 Begur (Girona).<\/p>\n<\/div>\n<\/div>\n<\/div>\n<div id=\"panel-12363-1-1-1\" class=\"so-panel widget widget_sow-editor\" data-index=\"4\" data-style=\"{&quot;background_display&quot;:&quot;tile&quot;}\" >\n<div class=\"so-widget-sow-editor so-widget-sow-editor-base\">\n<h3 class=\"widget-title\">4.- Informaci\u00f3 addicional sobre el tractament de dades personals<\/h3>\n<div class=\"siteorigin-widget-tinymce textwidget\">\n<p>Si desitja con\u00e8ixer m\u00e9s informaci\u00f3 sobre els tractaments de dades personals que porta a terme l\u2019Ajuntament de Begur, es pot posar en contacte amb el Delegat de Protecci\u00f3 de Dades a l\u2019adre\u00e7a de correu electr\u00f2nic <a href=\"mailto:dpd@begur.cat\">dpd@begur.cat<\/a> o per correu postal a l\u2019atenci\u00f3 del Delegat de Protecci\u00f3 de Dades a Ajuntament de Begur, Pl. de de l\u2019Esgl\u00e9sia, n\u00ba8 &#8211; 17255 Begur (Girona).<\/p>\n<\/div>\n<\/div>\n<\/div>\n<div id=\"panel-12363-1-1-2\" class=\"so-panel widget widget_sow-editor panel-last-child\" data-index=\"5\" data-style=\"{&quot;background_display&quot;:&quot;tile&quot;}\" >\n<div class=\"so-widget-sow-editor so-widget-sow-editor-base\">\n<h3 class=\"widget-title\">5.- Presentaci\u00f3 de reclamacion<\/h3>\n<div class=\"siteorigin-widget-tinymce textwidget\">\n<p>L\u2019Autoritat Catalana de Protecci\u00f3 de Dades (<a href=\"http:\/\/www.apdcat.cat\">www.apdcat.cat<\/a>) \u00e9s l\u2019Organisme Supervisor que vetlla pel compliment de la legislaci\u00f3 de protecci\u00f3 de dades a l\u2019Administraci\u00f3 P\u00fablica Catalana. Si es considera que l\u2019Ajuntament ha incomplert algun dels preceptes establerts en aquesta normativa s\u2019hi pot dirigir per tal d\u2019interposar-hi una reclamaci\u00f3.<\/p>\n<\/div>\n<\/div>\n<\/div>\n<\/div>\n<\/div>\n<\/div>\n","protected":false},"excerpt":{"rendered":"<p>L\u2019objecte d\u2019aquesta pol\u00edtica \u00e9s regular el tractament de dades que realitza l\u2019Ajuntament de Begur de les dades que pugui recollir en el seu portal web. 1.- Identitat del responsable de tractament El responsable del tractament de les dades personals recollides als portals web corporatius de www.begur.cat i www.visitbegur.cat \u00e9s: AJUNTAMENT DE BEGUR Pla\u00e7a de l\u2019Esgl\u00e9sia, &hellip; <a href=\"https:\/\/visitbegur.cat\/es\/politica-de-privacidad\/\" class=\"more-link\">Continuar leyendo<span class=\"screen-reader-text\"> \u00abPol\u00edtica de privacidad\u00bb<\/span><\/a><\/p>\n","protected":false},"author":7,"featured_media":0,"parent":0,"menu_order":0,"comment_status":"closed","ping_status":"closed","template":"","meta":[],"acf":[],"yoast_head":"<!-- This site is optimized with the Yoast SEO plugin v18.3 - https:\/\/yoast.com\/wordpress\/plugins\/seo\/ -->\n<title>Pol\u00edtica de privacidad - Visit Begur<\/title>\n<meta name=\"robots\" content=\"index, follow, max-snippet:-1, max-image-preview:large, max-video-preview:-1\" \/>\n<link rel=\"canonical\" href=\"https:\/\/visitbegur.cat\/es\/politica-de-privacidad\/\" \/>\n<meta property=\"og:locale\" content=\"es_ES\" \/>\n<meta property=\"og:type\" content=\"article\" \/>\n<meta property=\"og:title\" content=\"Pol\u00edtica de privacidad - Visit Begur\" \/>\n<meta property=\"og:description\" content=\"L\u2019objecte d\u2019aquesta pol\u00edtica \u00e9s regular el tractament de dades que realitza l\u2019Ajuntament de Begur de les dades que pugui recollir en el seu portal web. 1.- Identitat del responsable de tractament El responsable del tractament de les dades personals recollides als portals web corporatius de www.begur.cat i www.visitbegur.cat \u00e9s: AJUNTAMENT DE BEGUR Pla\u00e7a de l\u2019Esgl\u00e9sia, &hellip; Continuar leyendo &quot;Pol\u00edtica de privacidad&quot;\" \/>\n<meta property=\"og:url\" content=\"https:\/\/visitbegur.cat\/es\/politica-de-privacidad\/\" \/>\n<meta property=\"og:site_name\" content=\"Visit Begur\" \/>\n<meta property=\"article:modified_time\" content=\"2020-02-25T12:05:24+00:00\" \/>\n<meta name=\"twitter:card\" content=\"summary\" \/>\n<script type=\"application\/ld+json\" class=\"yoast-schema-graph\">{\"@context\":\"https:\/\/schema.org\",\"@graph\":[{\"@type\":\"WebSite\",\"@id\":\"https:\/\/visitbegur.cat\/#website\",\"url\":\"https:\/\/visitbegur.cat\/\",\"name\":\"Visit Begur\",\"description\":\"Otro sitio realizado con WordPress\",\"potentialAction\":[{\"@type\":\"SearchAction\",\"target\":{\"@type\":\"EntryPoint\",\"urlTemplate\":\"https:\/\/visitbegur.cat\/?s={search_term_string}\"},\"query-input\":\"required name=search_term_string\"}],\"inLanguage\":\"es\"},{\"@type\":\"WebPage\",\"@id\":\"https:\/\/visitbegur.cat\/es\/politica-de-privacidad\/#webpage\",\"url\":\"https:\/\/visitbegur.cat\/es\/politica-de-privacidad\/\",\"name\":\"Pol\u00edtica de privacidad - Visit Begur\",\"isPartOf\":{\"@id\":\"https:\/\/visitbegur.cat\/#website\"},\"datePublished\":\"2020-02-25T10:16:37+00:00\",\"dateModified\":\"2020-02-25T12:05:24+00:00\",\"breadcrumb\":{\"@id\":\"https:\/\/visitbegur.cat\/es\/politica-de-privacidad\/#breadcrumb\"},\"inLanguage\":\"es\",\"potentialAction\":[{\"@type\":\"ReadAction\",\"target\":[\"https:\/\/visitbegur.cat\/es\/politica-de-privacidad\/\"]}]},{\"@type\":\"BreadcrumbList\",\"@id\":\"https:\/\/visitbegur.cat\/es\/politica-de-privacidad\/#breadcrumb\",\"itemListElement\":[{\"@type\":\"ListItem\",\"position\":1,\"name\":\"Home\",\"item\":\"https:\/\/visitbegur.cat\/es\/\"},{\"@type\":\"ListItem\",\"position\":2,\"name\":\"Pol\u00edtica de privacidad\"}]}]}<\/script>\n<!-- \/ Yoast SEO plugin. -->","yoast_head_json":{"title":"Pol\u00edtica de privacidad - Visit Begur","robots":{"index":"index","follow":"follow","max-snippet":"max-snippet:-1","max-image-preview":"max-image-preview:large","max-video-preview":"max-video-preview:-1"},"canonical":"https:\/\/visitbegur.cat\/es\/politica-de-privacidad\/","og_locale":"es_ES","og_type":"article","og_title":"Pol\u00edtica de privacidad - Visit Begur","og_description":"L\u2019objecte d\u2019aquesta pol\u00edtica \u00e9s regular el tractament de dades que realitza l\u2019Ajuntament de Begur de les dades que pugui recollir en el seu portal web. 1.- Identitat del responsable de tractament El responsable del tractament de les dades personals recollides als portals web corporatius de www.begur.cat i www.visitbegur.cat \u00e9s: AJUNTAMENT DE BEGUR Pla\u00e7a de l\u2019Esgl\u00e9sia, &hellip; Continuar leyendo \"Pol\u00edtica de privacidad\"","og_url":"https:\/\/visitbegur.cat\/es\/politica-de-privacidad\/","og_site_name":"Visit Begur","article_modified_time":"2020-02-25T12:05:24+00:00","twitter_card":"summary","schema":{"@context":"https:\/\/schema.org","@graph":[{"@type":"WebSite","@id":"https:\/\/visitbegur.cat\/#website","url":"https:\/\/visitbegur.cat\/","name":"Visit Begur","description":"Otro sitio realizado con WordPress","potentialAction":[{"@type":"SearchAction","target":{"@type":"EntryPoint","urlTemplate":"https:\/\/visitbegur.cat\/?s={search_term_string}"},"query-input":"required name=search_term_string"}],"inLanguage":"es"},{"@type":"WebPage","@id":"https:\/\/visitbegur.cat\/es\/politica-de-privacidad\/#webpage","url":"https:\/\/visitbegur.cat\/es\/politica-de-privacidad\/","name":"Pol\u00edtica de privacidad - Visit Begur","isPartOf":{"@id":"https:\/\/visitbegur.cat\/#website"},"datePublished":"2020-02-25T10:16:37+00:00","dateModified":"2020-02-25T12:05:24+00:00","breadcrumb":{"@id":"https:\/\/visitbegur.cat\/es\/politica-de-privacidad\/#breadcrumb"},"inLanguage":"es","potentialAction":[{"@type":"ReadAction","target":["https:\/\/visitbegur.cat\/es\/politica-de-privacidad\/"]}]},{"@type":"BreadcrumbList","@id":"https:\/\/visitbegur.cat\/es\/politica-de-privacidad\/#breadcrumb","itemListElement":[{"@type":"ListItem","position":1,"name":"Home","item":"https:\/\/visitbegur.cat\/es\/"},{"@type":"ListItem","position":2,"name":"Pol\u00edtica de privacidad"}]}]}},"_links":{"self":[{"href":"https:\/\/visitbegur.cat\/es\/wp-json\/wp\/v2\/pages\/12372"}],"collection":[{"href":"https:\/\/visitbegur.cat\/es\/wp-json\/wp\/v2\/pages"}],"about":[{"href":"https:\/\/visitbegur.cat\/es\/wp-json\/wp\/v2\/types\/page"}],"author":[{"embeddable":true,"href":"https:\/\/visitbegur.cat\/es\/wp-json\/wp\/v2\/users\/7"}],"replies":[{"embeddable":true,"href":"https:\/\/visitbegur.cat\/es\/wp-json\/wp\/v2\/comments?post=12372"}],"version-history":[{"count":1,"href":"https:\/\/visitbegur.cat\/es\/wp-json\/wp\/v2\/pages\/12372\/revisions"}],"predecessor-version":[{"id":12375,"href":"https:\/\/visitbegur.cat\/es\/wp-json\/wp\/v2\/pages\/12372\/revisions\/12375"}],"wp:attachment":[{"href":"https:\/\/visitbegur.cat\/es\/wp-json\/wp\/v2\/media?parent=12372"}],"curies":[{"name":"wp","href":"https:\/\/api.w.org\/{rel}","templated":true}]}}